{"id":5028,"date":"2024-05-24T11:15:39","date_gmt":"2024-05-24T09:15:39","guid":{"rendered":"http:\/\/personalcity.net\/home\/produkt\/hintergrundsystem-profi-top-qualitaet-aluminium-dynasun-fs931-fuer-3x-hintergrund-tasche\/"},"modified":"2025-04-28T15:44:02","modified_gmt":"2025-04-28T13:44:02","slug":"hintergrundsystem-profi-top-qualitaet-aluminium-dynasun-fs931-fuer-3x-hintergrund-tasche","status":"publish","type":"product","link":"https:\/\/personalcity.net\/home\/produkt\/hintergrundsystem-profi-top-qualitaet-aluminium-dynasun-fs931-fuer-3x-hintergrund-tasche\/","title":{"rendered":"Hintergrundsystem Profi TOP Qualit\u00e4t Aluminium DynaSun FS931 f\u00fcr 3x Hintergrund +Tasche"},"content":{"rendered":"<p>Hintergrundsystem Profi TOP Qualit\u00e4t Aluminium DynaSun FS931 f\u00fcr 3x Hintergrund mit Rei\u00dfverschlu\u00dfstofftasche MUSLIN CANVAS PAPIER JUMBO VERSION Triple 124&#8243; (300cm) mit stabiler Tragtasche Beschreibung Unser DynaSun FS931 ist Hintergrundstativ f\u00fcr Papier- oder Stoffhintergrund mit einer praktischen Tragtasche. Es ist ein qualitatives Produkt f\u00fcr hohen Anspruch. Genau solches System br\u00e4uchten Sie f\u00fcr Ihr Fotostudio und Ihre professionellen Fotos. Die H\u00f6he der Querstange l\u00e4sst sich einfach und pr\u00e4zise einstellen. Bestehend aus zwei stabilen, 3-teiligen Leuchten-Stativen (Die Stative k\u00f6nnen auch als normale Leuchten-Stative verwendet werden). Inkl. 3x Hintergrund-Querstange. Sie bieten hier auf ein qualitativ gutes Produkt. Unser Produkt ist voll aus Aluminium. Unser Durchmesser ist doppelt als die anderen billigen Versionen. Bei Auswahl der Hintergrundstative sollen Sie auf die Qualit\u00e4t des Produktes achten. Die 2 Stative haben beim unteren Rohr ein Durchmesser von 34,5mm, und sind Federged\u00e4mpft (Sehr wichtig f\u00fcr ein Fotostudio). Dazu kommt die H\u00f6he von 265cm der Stative, die Sie bei anderen billigen Produkten nicht haben. Durchmesser der Teleskopstange ist ca. 3cm, doppelt als die anderen billigen Versionen. Preis-Leistungsverh\u00e4ltnis ist unser Produkt Top! Wenn Sie ein gutes Qualitativ Hintergrundstativ suchen, sind Sie hier richtig. Technische Daten * 3 x Querstangen * Maximale L\u00e4nge der Stangen: 300 cm * Minimale L\u00e4nge: 110cm * Maximale H\u00f6he: 265cm * Maxim. Rohrdurchmesser: 34,5mm * Geeignet f\u00fcr Muslin, Canvas oder Papier Hinterg\u00fcrnde * Gewicht: ca. 6 Kg Lieferumfang * 2x DynaSun FS931 Stand * 2x Support DynaSun EL9312 * 3x DynaSun FS931 Querstangen * Rei\u00dfverschlu\u00dfstofftasche<\/p>\n","protected":false},"excerpt":{"rendered":"<p>Hintergrundsystem Profi TOP Qualit\u00e4t Aluminium DynaSun FS931 f\u00fcr 3x Hintergrund mit Rei\u00dfverschlu\u00dfstofftasche MUSLIN CANVAS PAPIER JUMBO VERSION Triple 124&#8243; (300cm) mit stabiler Tragtasche Beschreibung Unser DynaSun FS931 ist Hintergrundstativ f\u00fcr Papier- oder Stoffhintergrund mit einer praktischen Tragtasche. Es ist ein qualitatives Produkt f\u00fcr hohen Anspruch. Genau solches System br\u00e4uchten Sie f\u00fcr Ihr Fotostudio und Ihre&hellip; <br \/> <a class=\"read-more\" href=\"https:\/\/personalcity.net\/home\/produkt\/hintergrundsystem-profi-top-qualitaet-aluminium-dynasun-fs931-fuer-3x-hintergrund-tasche\/\">Weiterlesen<\/a><\/p>\n","protected":false},"featured_media":5029,"comment_status":"open","ping_status":"closed","template":"","meta":[],"product_cat":[218],"product_tag":[],"class_list":{"0":"post-5028","1":"product","2":"type-product","3":"status-publish","4":"has-post-thumbnail","6":"product_cat-elektronik","8":"first","9":"outofstock","10":"shipping-taxable","11":"purchasable","12":"product-type-simple"},"_links":{"self":[{"href":"https:\/\/personalcity.net\/home\/wp-json\/wp\/v2\/product\/5028","targetHints":{"allow":["GET"]}}],"collection":[{"href":"https:\/\/personalcity.net\/home\/wp-json\/wp\/v2\/product"}],"about":[{"href":"https:\/\/personalcity.net\/home\/wp-json\/wp\/v2\/types\/product"}],"replies":[{"embeddable":true,"href":"https:\/\/personalcity.net\/home\/wp-json\/wp\/v2\/comments?post=5028"}],"wp:featuredmedia":[{"embeddable":true,"href":"https:\/\/personalcity.net\/home\/wp-json\/wp\/v2\/media\/5029"}],"wp:attachment":[{"href":"https:\/\/personalcity.net\/home\/wp-json\/wp\/v2\/media?parent=5028"}],"wp:term":[{"taxonomy":"product_cat","embeddable":true,"href":"https:\/\/personalcity.net\/home\/wp-json\/wp\/v2\/product_cat?post=5028"},{"taxonomy":"product_tag","embeddable":true,"href":"https:\/\/personalcity.net\/home\/wp-json\/wp\/v2\/product_tag?post=5028"}],"curies":[{"name":"wp","href":"https:\/\/api.w.org\/{rel}","templated":true}]}}