{"id":5030,"date":"2024-05-24T11:15:39","date_gmt":"2024-05-24T09:15:39","guid":{"rendered":"http:\/\/personalcity.net\/home\/produkt\/175cm-foto-video-stativ-fotostativ-alu-kamerastativ-dynasun-mx3000-3d-kopf-etui\/"},"modified":"2025-04-28T15:44:02","modified_gmt":"2025-04-28T13:44:02","slug":"175cm-foto-video-stativ-fotostativ-alu-kamerastativ-dynasun-mx3000-3d-kopf-etui","status":"publish","type":"product","link":"https:\/\/personalcity.net\/home\/produkt\/175cm-foto-video-stativ-fotostativ-alu-kamerastativ-dynasun-mx3000-3d-kopf-etui\/","title":{"rendered":"175cm Foto\/Video Stativ Fotostativ ALU Kamerastativ DynaSun MX3000 3D-Kopf +Etui"},"content":{"rendered":"<p>PROFESSIONAL ULTRAKOMPAKTES STATIV F\u00dcR KAMERAS UND CAMCORDER DYNASUN MX-3000 175 cm GRO\u00dfES STATIV Inkl. Schnellwechselplatte und 2 eingebaute Wasserwaagen F\u00fcr alle g\u00e4ngigen Camcorder und Kameras durch sein 1\/4&#8243; Standartgewinde nutzbar Beschreibung F\u00fcr gro\u00dfe Menschen und gro\u00dfe Aufgaben ein extragro\u00dfes Stativ &#8211; nur der Preis ist klein. Das universelle DynaSun MX3000 mit einer Auszugsh\u00f6he von maximal 175cm besitzt Querstreben, verschiebbare Mittels\u00e4ule und einen 3-Weg Panoramakopf mit Schnellkupplung. Unser Profi Stativ ist f\u00fcr alle g\u00e4ngigen Camcorder und Kameras durch sein 1\/4&#8243; Standartgewinde nutzbar. Dieses Stativ ist \u00fcberall einsetzbar dank seines leichten Gewichts. Die 3-D Panorama Kopf gibt die M\u00f6glichkeit, Photos zu machen f\u00fcr Panorama und Bilder in jede Richtung. Zwei Wasserwaagen auf dem Kopf und auf dem Gestell einen perfekten horizontalen Stand. Mit der Schnellwechselplatte kann man verschiedene Kameras montieren, sekundenschnell. Lieferumfang * Alu Stativ DYNASUN MX-3000 * Schnellwechselplatte MQ-3000 * Rei\u00dfverschlu\u00dfstofftasche MC-3000<\/p>\n","protected":false},"excerpt":{"rendered":"<p>PROFESSIONAL ULTRAKOMPAKTES STATIV F\u00dcR KAMERAS UND CAMCORDER DYNASUN MX-3000 175 cm GRO\u00dfES STATIV Inkl. Schnellwechselplatte und 2 eingebaute Wasserwaagen F\u00fcr alle g\u00e4ngigen Camcorder und Kameras durch sein 1\/4&#8243; Standartgewinde nutzbar Beschreibung F\u00fcr gro\u00dfe Menschen und gro\u00dfe Aufgaben ein extragro\u00dfes Stativ &#8211; nur der Preis ist klein. Das universelle DynaSun MX3000 mit einer Auszugsh\u00f6he von maximal&hellip; <br \/> <a class=\"read-more\" href=\"https:\/\/personalcity.net\/home\/produkt\/175cm-foto-video-stativ-fotostativ-alu-kamerastativ-dynasun-mx3000-3d-kopf-etui\/\">Weiterlesen<\/a><\/p>\n","protected":false},"featured_media":5031,"comment_status":"open","ping_status":"closed","template":"","meta":[],"product_cat":[218],"product_tag":[],"class_list":{"0":"post-5030","1":"product","2":"type-product","3":"status-publish","4":"has-post-thumbnail","6":"product_cat-elektronik","8":"first","9":"outofstock","10":"shipping-taxable","11":"purchasable","12":"product-type-simple"},"_links":{"self":[{"href":"https:\/\/personalcity.net\/home\/wp-json\/wp\/v2\/product\/5030","targetHints":{"allow":["GET"]}}],"collection":[{"href":"https:\/\/personalcity.net\/home\/wp-json\/wp\/v2\/product"}],"about":[{"href":"https:\/\/personalcity.net\/home\/wp-json\/wp\/v2\/types\/product"}],"replies":[{"embeddable":true,"href":"https:\/\/personalcity.net\/home\/wp-json\/wp\/v2\/comments?post=5030"}],"wp:featuredmedia":[{"embeddable":true,"href":"https:\/\/personalcity.net\/home\/wp-json\/wp\/v2\/media\/5031"}],"wp:attachment":[{"href":"https:\/\/personalcity.net\/home\/wp-json\/wp\/v2\/media?parent=5030"}],"wp:term":[{"taxonomy":"product_cat","embeddable":true,"href":"https:\/\/personalcity.net\/home\/wp-json\/wp\/v2\/product_cat?post=5030"},{"taxonomy":"product_tag","embeddable":true,"href":"https:\/\/personalcity.net\/home\/wp-json\/wp\/v2\/product_tag?post=5030"}],"curies":[{"name":"wp","href":"https:\/\/api.w.org\/{rel}","templated":true}]}}