{"id":5032,"date":"2024-05-24T11:15:39","date_gmt":"2024-05-24T09:15:39","guid":{"rendered":"http:\/\/personalcity.net\/home\/produkt\/tischstativ-ministativ-dynasun-wt040h-stativ-fuer-foto-video-lcd-fernglaeser\/"},"modified":"2025-04-28T15:44:02","modified_gmt":"2025-04-28T13:44:02","slug":"tischstativ-ministativ-dynasun-wt040h-stativ-fuer-foto-video-lcd-fernglaeser","status":"publish","type":"product","link":"https:\/\/personalcity.net\/home\/produkt\/tischstativ-ministativ-dynasun-wt040h-stativ-fuer-foto-video-lcd-fernglaeser\/","title":{"rendered":"Tischstativ Ministativ DynaSun WT040H Stativ f\u00fcr Foto Video LCD Ferngl\u00e4ser"},"content":{"rendered":"<p>MINI PORTABLE STATIV DYNASUN WT040H f\u00fcr Camera und Camcorder Beschreibung DynaSun WT040H ist \u00fcberall anwendbar f\u00fcr Kompakt-, Bridge-, DSLR-Kameras &#038; Camcorder. Kompaktes, leichtes, aber dennoch sehr stabiles Ministativ. Geeignet f\u00fcr Kompakt-, Bridge- und kleine (D)SLR-Kameras. Durch die weite Beinspreizung hat das Stativ einen stabilen Stand. Einfach zu nutzen und leicht. Sie k\u00f6nnen es \u00fcberall tragen.<\/p>\n","protected":false},"excerpt":{"rendered":"<p>MINI PORTABLE STATIV DYNASUN WT040H f\u00fcr Camera und Camcorder Beschreibung DynaSun WT040H ist \u00fcberall anwendbar f\u00fcr Kompakt-, Bridge-, DSLR-Kameras &#038; Camcorder. Kompaktes, leichtes, aber dennoch sehr stabiles Ministativ. Geeignet f\u00fcr Kompakt-, Bridge- und kleine (D)SLR-Kameras. Durch die weite Beinspreizung hat das Stativ einen stabilen Stand. Einfach zu nutzen und leicht. Sie k\u00f6nnen es \u00fcberall tragen.<\/p>\n","protected":false},"featured_media":5033,"comment_status":"open","ping_status":"closed","template":"","meta":[],"product_cat":[218],"product_tag":[],"class_list":{"0":"post-5032","1":"product","2":"type-product","3":"status-publish","4":"has-post-thumbnail","6":"product_cat-elektronik","8":"first","9":"outofstock","10":"shipping-taxable","11":"purchasable","12":"product-type-simple"},"_links":{"self":[{"href":"https:\/\/personalcity.net\/home\/wp-json\/wp\/v2\/product\/5032","targetHints":{"allow":["GET"]}}],"collection":[{"href":"https:\/\/personalcity.net\/home\/wp-json\/wp\/v2\/product"}],"about":[{"href":"https:\/\/personalcity.net\/home\/wp-json\/wp\/v2\/types\/product"}],"replies":[{"embeddable":true,"href":"https:\/\/personalcity.net\/home\/wp-json\/wp\/v2\/comments?post=5032"}],"wp:featuredmedia":[{"embeddable":true,"href":"https:\/\/personalcity.net\/home\/wp-json\/wp\/v2\/media\/5033"}],"wp:attachment":[{"href":"https:\/\/personalcity.net\/home\/wp-json\/wp\/v2\/media?parent=5032"}],"wp:term":[{"taxonomy":"product_cat","embeddable":true,"href":"https:\/\/personalcity.net\/home\/wp-json\/wp\/v2\/product_cat?post=5032"},{"taxonomy":"product_tag","embeddable":true,"href":"https:\/\/personalcity.net\/home\/wp-json\/wp\/v2\/product_tag?post=5032"}],"curies":[{"name":"wp","href":"https:\/\/api.w.org\/{rel}","templated":true}]}}