{"id":5034,"date":"2024-05-24T11:15:40","date_gmt":"2024-05-24T09:15:40","guid":{"rendered":"http:\/\/personalcity.net\/home\/produkt\/dynasun-stativ-wt304-flex-dreibeinstativ-rutschfeste-gummifuesse-mit-kugelgelenk-und-schnellwechselplatte-mit-gummierter-auflageflaeche\/"},"modified":"2025-04-28T15:44:02","modified_gmt":"2025-04-28T13:44:02","slug":"dynasun-stativ-wt304-flex-dreibeinstativ-rutschfeste-gummifuesse-mit-kugelgelenk-und-schnellwechselplatte-mit-gummierter-auflageflaeche","status":"publish","type":"product","link":"https:\/\/personalcity.net\/home\/produkt\/dynasun-stativ-wt304-flex-dreibeinstativ-rutschfeste-gummifuesse-mit-kugelgelenk-und-schnellwechselplatte-mit-gummierter-auflageflaeche\/","title":{"rendered":"DynaSun Stativ WT304 Flex Dreibeinstativ Rutschfeste Gummif\u00fc\u00dfe mit Kugelgelenk und Schnellwechselplatte mit gummierter Auflagefl\u00e4che"},"content":{"rendered":"<p>Nehmen Sie unser WT304 Flex Dreibeinstativ \u00fcberall hin. Es ist klein und kompakt. Sie w\u00fcrden es fast \u00fcbersehen, weil es so klein ist. Mit den biegsamen und gelenkigen Beinen k\u00f6nnen Sie es \u00fcberall befestigen. Beschreibung Die Beinen k\u00f6nnen Sie beliebig formen und biegen, damit WT304 optimal zur Verf\u00fcgung steht, ob Sie im Freien keine ebene Stelle finden, ob Sie es an einem Ast h\u00e4ngen m\u00f6chten, \u00fcberhaupt kein Problem. Nur ein kleiner Halt gibt WT304 schon einen sicheren Stand. Die 8 Gelenken pro Bein sind magisch flexibel und stabil. Sie passen sich an jeder Situation an. Die mit Gummi beschichteten F\u00fc\u00dfe sind anti-rutschig. Daher k\u00f6nnen Sie es \u00fcberall hinstellen, ohne eine Sorge zu haben. 8 Gelenke sowie 4 Gummiringe hat jedes Stativ Bein. Oben drauf ist noch eine Schnellwechselplatte. Sie erlaubt eine schnelle und sichere Handhabung mit dem Aufstellen Ihrer Kamera. Die Platte hat eine Standardgewinde von 1\/4 Zoll. Fast jede Kamera kann drauf stehen. Technische Daten * Rutschfeste Gummif\u00fc\u00dfe mit Kugelgelenk * Schnellwechselplatte mit gummierter Auflagefl\u00e4che * 8 Gelenke pro Bein f\u00fcr maximale Flexibilit\u00e4t * Max. H\u00f6he: ca. 18cm * Min. H\u00f6he: ca. 7cm * Gewicht: ca. 103g * Anschluss: 1\/4 Zoll Gewindeschraube * Material: Kunststoff * Farbe: Schwarz\/Wei\u00df Lieferumfang * DynaSun Flex-Stativ WT304 18cm * Schnellwechselplatte<\/p>\n","protected":false},"excerpt":{"rendered":"<p>Nehmen Sie unser WT304 Flex Dreibeinstativ \u00fcberall hin. Es ist klein und kompakt. Sie w\u00fcrden es fast \u00fcbersehen, weil es so klein ist. Mit den biegsamen und gelenkigen Beinen k\u00f6nnen Sie es \u00fcberall befestigen. Beschreibung Die Beinen k\u00f6nnen Sie beliebig formen und biegen, damit WT304 optimal zur Verf\u00fcgung steht, ob Sie im Freien keine ebene&hellip; <br \/> <a class=\"read-more\" href=\"https:\/\/personalcity.net\/home\/produkt\/dynasun-stativ-wt304-flex-dreibeinstativ-rutschfeste-gummifuesse-mit-kugelgelenk-und-schnellwechselplatte-mit-gummierter-auflageflaeche\/\">Weiterlesen<\/a><\/p>\n","protected":false},"featured_media":5035,"comment_status":"open","ping_status":"closed","template":"","meta":[],"product_cat":[218],"product_tag":[],"class_list":{"0":"post-5034","1":"product","2":"type-product","3":"status-publish","4":"has-post-thumbnail","6":"product_cat-elektronik","8":"first","9":"outofstock","10":"shipping-taxable","11":"purchasable","12":"product-type-simple"},"_links":{"self":[{"href":"https:\/\/personalcity.net\/home\/wp-json\/wp\/v2\/product\/5034","targetHints":{"allow":["GET"]}}],"collection":[{"href":"https:\/\/personalcity.net\/home\/wp-json\/wp\/v2\/product"}],"about":[{"href":"https:\/\/personalcity.net\/home\/wp-json\/wp\/v2\/types\/product"}],"replies":[{"embeddable":true,"href":"https:\/\/personalcity.net\/home\/wp-json\/wp\/v2\/comments?post=5034"}],"wp:featuredmedia":[{"embeddable":true,"href":"https:\/\/personalcity.net\/home\/wp-json\/wp\/v2\/media\/5035"}],"wp:attachment":[{"href":"https:\/\/personalcity.net\/home\/wp-json\/wp\/v2\/media?parent=5034"}],"wp:term":[{"taxonomy":"product_cat","embeddable":true,"href":"https:\/\/personalcity.net\/home\/wp-json\/wp\/v2\/product_cat?post=5034"},{"taxonomy":"product_tag","embeddable":true,"href":"https:\/\/personalcity.net\/home\/wp-json\/wp\/v2\/product_tag?post=5034"}],"curies":[{"name":"wp","href":"https:\/\/api.w.org\/{rel}","templated":true}]}}