{"id":5036,"date":"2024-05-24T11:15:41","date_gmt":"2024-05-24T09:15:41","guid":{"rendered":"http:\/\/personalcity.net\/home\/produkt\/dynasun-wt04s-intelligentes-tischplattendreibein-schwarz-mit-universeller-smartphone-klemme\/"},"modified":"2025-04-28T15:43:39","modified_gmt":"2025-04-28T13:43:39","slug":"dynasun-wt04s-intelligentes-tischplattendreibein-schwarz-mit-universeller-smartphone-klemme","status":"publish","type":"product","link":"https:\/\/personalcity.net\/home\/produkt\/dynasun-wt04s-intelligentes-tischplattendreibein-schwarz-mit-universeller-smartphone-klemme\/","title":{"rendered":"DynaSun WT04S intelligentes Tischplattendreibein, schwarz mit universeller Smartphone-Klemme"},"content":{"rendered":"<p>DynaSun WT04S intelligentes Tischplattendreibein, schwarz mit universeller Smartphone-Klemme f\u00fcr iPhone, Samsung, Huawei, Sony, HTC, Nexus, Motorola, LG etc. etc\u2026 Beschreibung Das DynaSun WT04S intelligente Tischplattendreibein f\u00fcr Smartphones mit Kugelkopf ist dank seiner kleinen Abmessungen der ideale Reisebegleiter. Klein und kompakt, aber sehr n\u00fctzlich. Dieses Dreibein ist die perfekte Wahl, wenn Sie Ihr Smartphone t\u00e4glich zum Bildermachen verwenden. Das WT04S in schwarz verf\u00fcgt \u00fcber eine universelle Smartphone-Klammer, wodurch es mit fast jedem Smartphone, das derzeit auf dem Markt ist (zwischen 5 cm und 8 cm Breite), benutzt werden kann. Das gew\u00e4hrleistet eine gro\u00dfe Flexibilit\u00e4t und eine leichte Bedienung in allen m\u00f6glichen Lebenslagen. Das DynaSun WT04S Dreibein dass Ihre Ausr\u00fcstung perfekt eben ausgerichtet ist, ganz egal wo sie sind. Die Halterungen sind flexibel und k\u00f6nnen in allen Richtungen positioniert werden. Die Beine haben jeweils 5 Gelenke. Dies dass Ihre leichte Kamera oder Ihr leichter Camcorder perfekt stabil gehalten werden. Es kann als stabile Halterung benutzt werden und als komfortabler ergonomischer Griff, um gro\u00dfartige Videos zu drehen, Selfies zu machen und unglaubliche Bilder. Seine solide Konstruktion bietet eine sichere Basis und einen komfortablen Griff in jeder Situation. Das flexible DynaSun WT04S Dreibein ist das ideale Werkzeug, um es auf Ihre Abenteuer mitzunehmen. Es ist stabil und ausreichend robust, um den Anspr\u00fcchen professioneller Fotografie unter allen Umst\u00e4nden zu gen\u00fcgen. Dank seiner universellen Smartphone-Klemme und seiner ausgezeichneten Stabilit\u00e4t, kann es mit einer sehr gro\u00dfen Vielfalt an Smartphones verwendet werden wie dem iPhone, Samsung, Huawei, Sony, HTC, Nexus, Motorola, LG, etc. etc&#8230; Das DynaSun WT04S wird f\u00fcr gew\u00f6hnlich f\u00fcr Heim, Landschaften\/Kulissen, Reisen und mehr genutzt.<\/p>\n","protected":false},"excerpt":{"rendered":"<p>DynaSun WT04S intelligentes Tischplattendreibein, schwarz mit universeller Smartphone-Klemme f\u00fcr iPhone, Samsung, Huawei, Sony, HTC, Nexus, Motorola, LG etc. etc\u2026 Beschreibung Das DynaSun WT04S intelligente Tischplattendreibein f\u00fcr Smartphones mit Kugelkopf ist dank seiner kleinen Abmessungen der ideale Reisebegleiter. Klein und kompakt, aber sehr n\u00fctzlich. Dieses Dreibein ist die perfekte Wahl, wenn Sie Ihr Smartphone t\u00e4glich zum&hellip; <br \/> <a class=\"read-more\" href=\"https:\/\/personalcity.net\/home\/produkt\/dynasun-wt04s-intelligentes-tischplattendreibein-schwarz-mit-universeller-smartphone-klemme\/\">Weiterlesen<\/a><\/p>\n","protected":false},"featured_media":5037,"comment_status":"open","ping_status":"closed","template":"","meta":[],"product_cat":[218],"product_tag":[],"class_list":{"0":"post-5036","1":"product","2":"type-product","3":"status-publish","4":"has-post-thumbnail","6":"product_cat-elektronik","8":"first","9":"outofstock","10":"shipping-taxable","11":"purchasable","12":"product-type-simple"},"_links":{"self":[{"href":"https:\/\/personalcity.net\/home\/wp-json\/wp\/v2\/product\/5036","targetHints":{"allow":["GET"]}}],"collection":[{"href":"https:\/\/personalcity.net\/home\/wp-json\/wp\/v2\/product"}],"about":[{"href":"https:\/\/personalcity.net\/home\/wp-json\/wp\/v2\/types\/product"}],"replies":[{"embeddable":true,"href":"https:\/\/personalcity.net\/home\/wp-json\/wp\/v2\/comments?post=5036"}],"wp:featuredmedia":[{"embeddable":true,"href":"https:\/\/personalcity.net\/home\/wp-json\/wp\/v2\/media\/5037"}],"wp:attachment":[{"href":"https:\/\/personalcity.net\/home\/wp-json\/wp\/v2\/media?parent=5036"}],"wp:term":[{"taxonomy":"product_cat","embeddable":true,"href":"https:\/\/personalcity.net\/home\/wp-json\/wp\/v2\/product_cat?post=5036"},{"taxonomy":"product_tag","embeddable":true,"href":"https:\/\/personalcity.net\/home\/wp-json\/wp\/v2\/product_tag?post=5036"}],"curies":[{"name":"wp","href":"https:\/\/api.w.org\/{rel}","templated":true}]}}