{"id":5038,"date":"2024-05-24T11:15:43","date_gmt":"2024-05-24T09:15:43","guid":{"rendered":"http:\/\/personalcity.net\/home\/produkt\/massiver-kugelkopf-joystick-action-grip-professional-dynasun-wt011h-fuer-fotostativ-kamera-stativ\/"},"modified":"2025-04-28T15:43:39","modified_gmt":"2025-04-28T13:43:39","slug":"massiver-kugelkopf-joystick-action-grip-professional-dynasun-wt011h-fuer-fotostativ-kamera-stativ","status":"publish","type":"product","link":"https:\/\/personalcity.net\/home\/produkt\/massiver-kugelkopf-joystick-action-grip-professional-dynasun-wt011h-fuer-fotostativ-kamera-stativ\/","title":{"rendered":"Massiver Kugelkopf Joystick Action Grip Professional DynaSun WT011H f\u00fcr Fotostativ Kamera Stativ"},"content":{"rendered":"<p>AKTION GRIP KUGELKOPF f\u00fcr KAMERA STATIV DYNASUN WT011H ACTION BALL HEAD Beschreibung Die v\u00f6llig neue Version des Kugelkopfs kann mit 4 kg belastet werden. Bei dieser neuen Version kann der Griff f\u00fcr Rechts- und Linksh\u00e4nder in seitlicher und vertikaler Stellung eingesetzt werden. Die Stufenlos einstellbare Friktion, die eingebaute Wasserwaage und das Schnellwechselsystem machen den Kopf zur ersten Wahl von Sport- und Actionfotografen. Optimal wenn sehr schnelle Verstellungen n\u00f6tig sind Lieferumfang * Aktion Grip Kugelkopf DynaSun WT011H * 1 Schnellwechselplatte.<\/p>\n","protected":false},"excerpt":{"rendered":"<p>AKTION GRIP KUGELKOPF f\u00fcr KAMERA STATIV DYNASUN WT011H ACTION BALL HEAD Beschreibung Die v\u00f6llig neue Version des Kugelkopfs kann mit 4 kg belastet werden. Bei dieser neuen Version kann der Griff f\u00fcr Rechts- und Linksh\u00e4nder in seitlicher und vertikaler Stellung eingesetzt werden. Die Stufenlos einstellbare Friktion, die eingebaute Wasserwaage und das Schnellwechselsystem machen den Kopf&hellip; <br \/> <a class=\"read-more\" href=\"https:\/\/personalcity.net\/home\/produkt\/massiver-kugelkopf-joystick-action-grip-professional-dynasun-wt011h-fuer-fotostativ-kamera-stativ\/\">Weiterlesen<\/a><\/p>\n","protected":false},"featured_media":5039,"comment_status":"open","ping_status":"closed","template":"","meta":[],"product_cat":[218],"product_tag":[],"class_list":{"0":"post-5038","1":"product","2":"type-product","3":"status-publish","4":"has-post-thumbnail","6":"product_cat-elektronik","8":"first","9":"outofstock","10":"shipping-taxable","11":"purchasable","12":"product-type-simple"},"_links":{"self":[{"href":"https:\/\/personalcity.net\/home\/wp-json\/wp\/v2\/product\/5038","targetHints":{"allow":["GET"]}}],"collection":[{"href":"https:\/\/personalcity.net\/home\/wp-json\/wp\/v2\/product"}],"about":[{"href":"https:\/\/personalcity.net\/home\/wp-json\/wp\/v2\/types\/product"}],"replies":[{"embeddable":true,"href":"https:\/\/personalcity.net\/home\/wp-json\/wp\/v2\/comments?post=5038"}],"wp:featuredmedia":[{"embeddable":true,"href":"https:\/\/personalcity.net\/home\/wp-json\/wp\/v2\/media\/5039"}],"wp:attachment":[{"href":"https:\/\/personalcity.net\/home\/wp-json\/wp\/v2\/media?parent=5038"}],"wp:term":[{"taxonomy":"product_cat","embeddable":true,"href":"https:\/\/personalcity.net\/home\/wp-json\/wp\/v2\/product_cat?post=5038"},{"taxonomy":"product_tag","embeddable":true,"href":"https:\/\/personalcity.net\/home\/wp-json\/wp\/v2\/product_tag?post=5038"}],"curies":[{"name":"wp","href":"https:\/\/api.w.org\/{rel}","templated":true}]}}