{"id":5046,"date":"2024-05-24T11:15:47","date_gmt":"2024-05-24T09:15:47","guid":{"rendered":"http:\/\/personalcity.net\/home\/produkt\/monopod-teleskopstange-einbeinstativ-selfie-dynasun-z07-hand-stativ-selbstportraet-actioncam\/"},"modified":"2025-04-28T15:43:39","modified_gmt":"2025-04-28T13:43:39","slug":"monopod-teleskopstange-einbeinstativ-selfie-dynasun-z07-hand-stativ-selbstportraet-actioncam","status":"publish","type":"product","link":"https:\/\/personalcity.net\/home\/produkt\/monopod-teleskopstange-einbeinstativ-selfie-dynasun-z07-hand-stativ-selbstportraet-actioncam\/","title":{"rendered":"Monopod Teleskopstange Einbeinstativ Selfie DynaSun Z07 Hand Stativ Selbstportr\u00e4t Actioncam"},"content":{"rendered":"<p>Monopod Teleskopstange Einbeinstativ Selfie DynaSun Z07 Hand Stativ Selbstportr\u00e4ts Actioncam Beschreibung Selfie ist so IN und COOL. Unser neuestes Produkt DynaSun Z07 ist so klein und so leicht. Es l\u00e4sst sich \u00fcberall mitnehmen, in der Tasche, im Rucksack, einfach genial. Damit k\u00f6nnen Sie sich \u00fcberall und in jedem Moment fotografieren. Halten Sie die sch\u00f6nsten Momente Ihres Lebens fest, mit unserem DynaSun Z07. DynaSun Z07 hat eine universal 1\/4&#8243; Schraube. Fast alle Digitalkameras lassen sich darauf aufdrehen. Auch Ihr GoPro Hero und andere diverse Actioncams mittels optionalem Adapter kommen nicht zu kurz. Noch toller ist aber, wir liefern noch eine Smartphone Klammer dazu. Mit dieser Klammer k\u00f6nnen Sie Ihre Smartphones fest klammern. \u00dcber Voice-Funktion oder Fernbedienung k\u00f6nnen Sie sofort ohne Problem Selfie machen. Nutzen Sie dieses Stativ, um Fotos oder Videos von sich selbst und Ihren Bekannten zu machen. Genie\u00dfen und Festhalten ist das Motto von unserer Selfie DynaSun Z07. Verpassen Sie es nicht! Technische Daten * Kit Einbeinstativ mit verstellbarem Stange zum Selfie * Leicht, kompakt, leicht zu tragen * Einfache Montage * Tragkraft von ca. 500g * L\u00e4nge zusammengeschoben: nur 22cm * L\u00e4nge Teleskoparm mit Adapter: 116cm * Der Teleskoparm ist bis zu einer L\u00e4nge von ca. 1,07 Meter verl\u00e4ngerbar * Perfekt geeignet f\u00fcr Unterwegs wie z. B. im Urlaub, auf Festivals oder Partys * Universal-Adapter f\u00fcr Smarphone mit einer Breite zwischen 5,00cm und 7,00cm<\/p>\n","protected":false},"excerpt":{"rendered":"<p>Monopod Teleskopstange Einbeinstativ Selfie DynaSun Z07 Hand Stativ Selbstportr\u00e4ts Actioncam Beschreibung Selfie ist so IN und COOL. Unser neuestes Produkt DynaSun Z07 ist so klein und so leicht. Es l\u00e4sst sich \u00fcberall mitnehmen, in der Tasche, im Rucksack, einfach genial. Damit k\u00f6nnen Sie sich \u00fcberall und in jedem Moment fotografieren. Halten Sie die sch\u00f6nsten Momente&hellip; <br \/> <a class=\"read-more\" href=\"https:\/\/personalcity.net\/home\/produkt\/monopod-teleskopstange-einbeinstativ-selfie-dynasun-z07-hand-stativ-selbstportraet-actioncam\/\">Weiterlesen<\/a><\/p>\n","protected":false},"featured_media":5047,"comment_status":"open","ping_status":"closed","template":"","meta":[],"product_cat":[218],"product_tag":[],"class_list":{"0":"post-5046","1":"product","2":"type-product","3":"status-publish","4":"has-post-thumbnail","6":"product_cat-elektronik","8":"first","9":"outofstock","10":"shipping-taxable","11":"purchasable","12":"product-type-simple"},"_links":{"self":[{"href":"https:\/\/personalcity.net\/home\/wp-json\/wp\/v2\/product\/5046","targetHints":{"allow":["GET"]}}],"collection":[{"href":"https:\/\/personalcity.net\/home\/wp-json\/wp\/v2\/product"}],"about":[{"href":"https:\/\/personalcity.net\/home\/wp-json\/wp\/v2\/types\/product"}],"replies":[{"embeddable":true,"href":"https:\/\/personalcity.net\/home\/wp-json\/wp\/v2\/comments?post=5046"}],"wp:featuredmedia":[{"embeddable":true,"href":"https:\/\/personalcity.net\/home\/wp-json\/wp\/v2\/media\/5047"}],"wp:attachment":[{"href":"https:\/\/personalcity.net\/home\/wp-json\/wp\/v2\/media?parent=5046"}],"wp:term":[{"taxonomy":"product_cat","embeddable":true,"href":"https:\/\/personalcity.net\/home\/wp-json\/wp\/v2\/product_cat?post=5046"},{"taxonomy":"product_tag","embeddable":true,"href":"https:\/\/personalcity.net\/home\/wp-json\/wp\/v2\/product_tag?post=5046"}],"curies":[{"name":"wp","href":"https:\/\/api.w.org\/{rel}","templated":true}]}}