{"id":5060,"date":"2024-05-24T11:15:53","date_gmt":"2024-05-24T09:15:53","guid":{"rendered":"http:\/\/personalcity.net\/home\/produkt\/studioblitz-leuchtmittel-quartzlight-dynasun-800w-quartz-ersatzlampe-fuer-dj800\/"},"modified":"2025-04-28T15:43:39","modified_gmt":"2025-04-28T13:43:39","slug":"studioblitz-leuchtmittel-quartzlight-dynasun-800w-quartz-ersatzlampe-fuer-dj800","status":"publish","type":"product","link":"https:\/\/personalcity.net\/home\/produkt\/studioblitz-leuchtmittel-quartzlight-dynasun-800w-quartz-ersatzlampe-fuer-dj800\/","title":{"rendered":"Studioblitz Leuchtmittel Quartzlight DynaSun 800W Quartz Ersatzlampe f\u00fcr DJ800"},"content":{"rendered":"<p>Studioblitz Leuchtmittel Quartzlight DynaSun 800W Ersatzlampe f\u00fcr DJ800 Beschreibung Ersatzlampe passend f\u00fcr Quarzlight DJ800, Farbtemperatur: 3200K (Kunstlicht). Plug-in Ersatzlampe, einfach auswechselbar. Technische Daten * Plug-in Ersatzlampe * Lichtstrom: 8000lm * Leistungsaufnahme: 800W * Lebensdauer: ca. 750h * Farbtemperatur: 3200K Lieferumfang * Ersatzlampe (Quartzlampe) Leuchtmittel DynaSun 800 Watt<\/p>\n","protected":false},"excerpt":{"rendered":"<p>Studioblitz Leuchtmittel Quartzlight DynaSun 800W Ersatzlampe f\u00fcr DJ800 Beschreibung Ersatzlampe passend f\u00fcr Quarzlight DJ800, Farbtemperatur: 3200K (Kunstlicht). Plug-in Ersatzlampe, einfach auswechselbar. Technische Daten * Plug-in Ersatzlampe * Lichtstrom: 8000lm * Leistungsaufnahme: 800W * Lebensdauer: ca. 750h * Farbtemperatur: 3200K Lieferumfang * Ersatzlampe (Quartzlampe) Leuchtmittel DynaSun 800 Watt<\/p>\n","protected":false},"featured_media":5061,"comment_status":"open","ping_status":"closed","template":"","meta":[],"product_cat":[218],"product_tag":[],"class_list":{"0":"post-5060","1":"product","2":"type-product","3":"status-publish","4":"has-post-thumbnail","6":"product_cat-elektronik","8":"first","9":"outofstock","10":"shipping-taxable","11":"purchasable","12":"product-type-simple"},"_links":{"self":[{"href":"https:\/\/personalcity.net\/home\/wp-json\/wp\/v2\/product\/5060","targetHints":{"allow":["GET"]}}],"collection":[{"href":"https:\/\/personalcity.net\/home\/wp-json\/wp\/v2\/product"}],"about":[{"href":"https:\/\/personalcity.net\/home\/wp-json\/wp\/v2\/types\/product"}],"replies":[{"embeddable":true,"href":"https:\/\/personalcity.net\/home\/wp-json\/wp\/v2\/comments?post=5060"}],"wp:featuredmedia":[{"embeddable":true,"href":"https:\/\/personalcity.net\/home\/wp-json\/wp\/v2\/media\/5061"}],"wp:attachment":[{"href":"https:\/\/personalcity.net\/home\/wp-json\/wp\/v2\/media?parent=5060"}],"wp:term":[{"taxonomy":"product_cat","embeddable":true,"href":"https:\/\/personalcity.net\/home\/wp-json\/wp\/v2\/product_cat?post=5060"},{"taxonomy":"product_tag","embeddable":true,"href":"https:\/\/personalcity.net\/home\/wp-json\/wp\/v2\/product_tag?post=5060"}],"curies":[{"name":"wp","href":"https:\/\/api.w.org\/{rel}","templated":true}]}}