{"id":5076,"date":"2024-05-24T11:15:59","date_gmt":"2024-05-24T09:15:59","guid":{"rendered":"http:\/\/personalcity.net\/home\/produkt\/ersatzblitzroehre-dynasun-dirxen600-600w-fuer-studioblitz-dynasun-serie-cd-cdxxx-m-xxxm\/"},"modified":"2025-04-28T15:43:22","modified_gmt":"2025-04-28T13:43:22","slug":"ersatzblitzroehre-dynasun-dirxen600-600w-fuer-studioblitz-dynasun-serie-cd-cdxxx-m-xxxm","status":"publish","type":"product","link":"https:\/\/personalcity.net\/home\/produkt\/ersatzblitzroehre-dynasun-dirxen600-600w-fuer-studioblitz-dynasun-serie-cd-cdxxx-m-xxxm\/","title":{"rendered":"Ersatzblitzr\u00f6hre DynaSun DIRXEN600 600W f\u00fcr Studioblitz DynaSun Serie CD (CDxxx) , M (xxxM) , \u2026"},"content":{"rendered":"<p>Ersatzblitzr\u00f6hre DynaSun DIRXEN600 600W f\u00fcr Studioblitz DynaSun Serie CD (CDxxx) , M (xxxM) , &#8230; Beschreibung Diese Blitzr\u00f6hre f\u00fcr das Studioblitzger\u00e4t DynaSun Serie CD (CDxxx) , M (xxxM) , &#8230; wird gesteckt und kann deshalb einfach ausgewechselt werden. Technische Daten * Leistungsaufnahme: 600W * Plug-in Blitzr\u00f6hre * Geeignet f\u00fcr DynaSun Serie CD (CDxxx) , M (xxxM) , &#8230; * Farbtemperatur: 5300 \u2013 5600K * Leicht zu wechseln Lieferumfang * Ersatzblitzr\u00f6hre DynaSun DIRXEN600 600W<\/p>\n","protected":false},"excerpt":{"rendered":"<p>Ersatzblitzr\u00f6hre DynaSun DIRXEN600 600W f\u00fcr Studioblitz DynaSun Serie CD (CDxxx) , M (xxxM) , &#8230; Beschreibung Diese Blitzr\u00f6hre f\u00fcr das Studioblitzger\u00e4t DynaSun Serie CD (CDxxx) , M (xxxM) , &#8230; wird gesteckt und kann deshalb einfach ausgewechselt werden. Technische Daten * Leistungsaufnahme: 600W * Plug-in Blitzr\u00f6hre * Geeignet f\u00fcr DynaSun Serie CD (CDxxx) , M&hellip; <br \/> <a class=\"read-more\" href=\"https:\/\/personalcity.net\/home\/produkt\/ersatzblitzroehre-dynasun-dirxen600-600w-fuer-studioblitz-dynasun-serie-cd-cdxxx-m-xxxm\/\">Weiterlesen<\/a><\/p>\n","protected":false},"featured_media":5077,"comment_status":"open","ping_status":"closed","template":"","meta":[],"product_cat":[218],"product_tag":[],"class_list":{"0":"post-5076","1":"product","2":"type-product","3":"status-publish","4":"has-post-thumbnail","6":"product_cat-elektronik","8":"first","9":"outofstock","10":"shipping-taxable","11":"purchasable","12":"product-type-simple"},"_links":{"self":[{"href":"https:\/\/personalcity.net\/home\/wp-json\/wp\/v2\/product\/5076","targetHints":{"allow":["GET"]}}],"collection":[{"href":"https:\/\/personalcity.net\/home\/wp-json\/wp\/v2\/product"}],"about":[{"href":"https:\/\/personalcity.net\/home\/wp-json\/wp\/v2\/types\/product"}],"replies":[{"embeddable":true,"href":"https:\/\/personalcity.net\/home\/wp-json\/wp\/v2\/comments?post=5076"}],"wp:featuredmedia":[{"embeddable":true,"href":"https:\/\/personalcity.net\/home\/wp-json\/wp\/v2\/media\/5077"}],"wp:attachment":[{"href":"https:\/\/personalcity.net\/home\/wp-json\/wp\/v2\/media?parent=5076"}],"wp:term":[{"taxonomy":"product_cat","embeddable":true,"href":"https:\/\/personalcity.net\/home\/wp-json\/wp\/v2\/product_cat?post=5076"},{"taxonomy":"product_tag","embeddable":true,"href":"https:\/\/personalcity.net\/home\/wp-json\/wp\/v2\/product_tag?post=5076"}],"curies":[{"name":"wp","href":"https:\/\/api.w.org\/{rel}","templated":true}]}}