{"id":5086,"date":"2024-05-24T11:16:05","date_gmt":"2024-05-24T09:16:05","guid":{"rendered":"http:\/\/personalcity.net\/home\/produkt\/dynasun-s27kit-400w-studio-set-foto-video-licht-mit-reflektor-lampenfassung-lampenhalterung-stativ-lampenstativ-leuchmittel-dauerlicht-daylight\/"},"modified":"2025-04-28T15:43:22","modified_gmt":"2025-04-28T13:43:22","slug":"dynasun-s27kit-400w-studio-set-foto-video-licht-mit-reflektor-lampenfassung-lampenhalterung-stativ-lampenstativ-leuchmittel-dauerlicht-daylight","status":"publish","type":"product","link":"https:\/\/personalcity.net\/home\/produkt\/dynasun-s27kit-400w-studio-set-foto-video-licht-mit-reflektor-lampenfassung-lampenhalterung-stativ-lampenstativ-leuchmittel-dauerlicht-daylight\/","title":{"rendered":"DynaSun S27Kit 400W Studio Set Foto Video Licht mit Reflektor, Lampenfassung Lampenhalterung, Stativ Lampenstativ, Leuchmittel Dauerlicht DayLight"},"content":{"rendered":"<p>DynaSun S27Kit 400W Studio Set Foto Video Licht mit Reflektor, Lampenfassung Lampenhalterung, Lampenstativ, Leuchmittel Dauerlicht DayLight Beschreibung Das DynaSun S27Kit 400W Studioset ist die perfekte L\u00f6sung f\u00fcr das Studio. Es l\u00e4sst sich ohne Einschr\u00e4nkung f\u00fcrs Fotostudio hervorragend verwenden. Mit diesem Studioset, Sie k\u00f6nnen ihre Fotostudio leicht vergr\u00f6\u00dfern. Zur Lichtstreuung wird der Reflektor eingesetzt mit Durchmesser von 27cm. Unser Studioset DynaSun S27Kit 400W wird nach dem kompromisslosen Standard hergestellt. Mitgeliefert wird ein Leuchtmittel DayLight, welches \u00fcber einen passenden Anschluss E27 verf\u00fcgt. DynaSun W803 ist ein leichtes Aluminium Lampenstativ mit praktischen Schnellspannhebeln. Die maximale H\u00f6he betr\u00e4gt 2,20 m und der Rohrdurchmesser betr\u00e4gt 23,5 mm. Optimal zur Beleuchtung der Platte eines Aufnahmetisches, ideal als Hintergrundlicht und als Effektlicht geeignet. Sie k\u00f6nnen den Winkel der Reflektor beliebig einstellen. Dieses Set kann mit einem reflektierenden oder lichtdurchl\u00e4ssigen Reflektorset kombiniert werden. Es ist ideal f\u00fcr Studio oder Au\u00dfentermin, wo Beweglichkeit und einfache Einstellung notwendig sind. Es l\u00e4sst sich ohne Einschr\u00e4nkung f\u00fcrs Fotostudio hervorragend verwenden. Reflektor S27 Standard geformter Reflektor zur effektvollen Beleuchtung des Hintergrunds. Dieser Reflektor wird einfach auf das Stativaufsatz gesteckt. Mit Hilfe des Reflektors l\u00e4sst sich der Lichtwinkel einschr\u00e4nken. Besonders gut geeignet f\u00fcr Pass,- und Portr\u00e4taufnahmen, mit diesem Reflektor ist es sehr einfach, gleichm\u00e4\u00dfige Verl\u00e4ufe auf dem Hintergrund zu erzeugen. Stativaufsatz Reflexschirmhalter Energiesparlampe SYD85 Lampenstativ W803<\/p>\n","protected":false},"excerpt":{"rendered":"<p>DynaSun S27Kit 400W Studio Set Foto Video Licht mit Reflektor, Lampenfassung Lampenhalterung, Lampenstativ, Leuchmittel Dauerlicht DayLight Beschreibung Das DynaSun S27Kit 400W Studioset ist die perfekte L\u00f6sung f\u00fcr das Studio. Es l\u00e4sst sich ohne Einschr\u00e4nkung f\u00fcrs Fotostudio hervorragend verwenden. Mit diesem Studioset, Sie k\u00f6nnen ihre Fotostudio leicht vergr\u00f6\u00dfern. Zur Lichtstreuung wird der Reflektor eingesetzt mit Durchmesser&hellip; <br \/> <a class=\"read-more\" href=\"https:\/\/personalcity.net\/home\/produkt\/dynasun-s27kit-400w-studio-set-foto-video-licht-mit-reflektor-lampenfassung-lampenhalterung-stativ-lampenstativ-leuchmittel-dauerlicht-daylight\/\">Weiterlesen<\/a><\/p>\n","protected":false},"featured_media":5085,"comment_status":"open","ping_status":"closed","template":"","meta":[],"product_cat":[218],"product_tag":[],"class_list":{"0":"post-5086","1":"product","2":"type-product","3":"status-publish","4":"has-post-thumbnail","6":"product_cat-elektronik","8":"first","9":"outofstock","10":"shipping-taxable","11":"purchasable","12":"product-type-simple"},"_links":{"self":[{"href":"https:\/\/personalcity.net\/home\/wp-json\/wp\/v2\/product\/5086","targetHints":{"allow":["GET"]}}],"collection":[{"href":"https:\/\/personalcity.net\/home\/wp-json\/wp\/v2\/product"}],"about":[{"href":"https:\/\/personalcity.net\/home\/wp-json\/wp\/v2\/types\/product"}],"replies":[{"embeddable":true,"href":"https:\/\/personalcity.net\/home\/wp-json\/wp\/v2\/comments?post=5086"}],"wp:featuredmedia":[{"embeddable":true,"href":"https:\/\/personalcity.net\/home\/wp-json\/wp\/v2\/media\/5085"}],"wp:attachment":[{"href":"https:\/\/personalcity.net\/home\/wp-json\/wp\/v2\/media?parent=5086"}],"wp:term":[{"taxonomy":"product_cat","embeddable":true,"href":"https:\/\/personalcity.net\/home\/wp-json\/wp\/v2\/product_cat?post=5086"},{"taxonomy":"product_tag","embeddable":true,"href":"https:\/\/personalcity.net\/home\/wp-json\/wp\/v2\/product_tag?post=5086"}],"curies":[{"name":"wp","href":"https:\/\/api.w.org\/{rel}","templated":true}]}}