{"id":5099,"date":"2024-05-24T11:16:13","date_gmt":"2024-05-24T09:16:13","guid":{"rendered":"http:\/\/personalcity.net\/home\/produkt\/dynasun-jz-dreifache-blitzschuhhalterung-blitzschuh-adapter-fuer-speedlite-blitz-blitzgeraet-mit-schirmhalterung-kugelkopf-drehgelenk\/"},"modified":"2025-04-28T15:43:22","modified_gmt":"2025-04-28T13:43:22","slug":"dynasun-jz-dreifache-blitzschuhhalterung-blitzschuh-adapter-fuer-speedlite-blitz-blitzgeraet-mit-schirmhalterung-kugelkopf-drehgelenk","status":"publish","type":"product","link":"https:\/\/personalcity.net\/home\/produkt\/dynasun-jz-dreifache-blitzschuhhalterung-blitzschuh-adapter-fuer-speedlite-blitz-blitzgeraet-mit-schirmhalterung-kugelkopf-drehgelenk\/","title":{"rendered":"DynaSun JZ Dreifache Blitzschuhhalterung Blitzschuh Adapter f\u00fcr Speedlite Blitz Blitzger\u00e4t mit Schirmhalterung Kugelkopf Drehgelenk"},"content":{"rendered":"<p>DynaSun JZ Dreifache Blitzschuhhalterung Blitzschuh Adapter mit Schirmhalterung Kugelkopf Drehgelenk f\u00fcr Speedlite Blitz Blitzger\u00e4t mit Schwenkhalterung, Studioschirm Sockel Beschreibung DynaSun JZ ist ein Blitzschuhadapter mit 3 unabh\u00e4ngigen Blitzschienen. Diese Struktur erm\u00f6glicht die gleichzeitige Montierung von 3 verschiedenen Blitzger\u00e4ten. Der zentrale Studioschirm Loch ist mit allen DynaSun Schirme kompatibel und mit den meisten anderen Marken. Dies erm\u00f6glicht es, mit einem Studioschirm, Softbox oder viele andere Beleuchtungen Zubeh\u00f6r verwendet werden. Die Dreifach-Blitz-Adapter verf\u00fcgen \u00fcber einen Standardanschluss f\u00fcr die Montage auf Lampenstativ und Lichtstativen. DynaSun JZ hilft, um einen optimalen Winkel f\u00fcr gro\u00dfe fotografische Ergebnisse zu bekommen. Der Halter wird auch Platz f\u00fcr andere Zubeh\u00f6rteile, die eine Standardzubeh\u00f6rschuh verwenden. Dies ist ein perfekt Zubeh\u00f6r f\u00fcr Ihre Studio. Technische Daten * Verwenden Sie bis zu drei Speedlite Blitzger\u00e4t vom einzelnen Befestigungspunkt * Zentrale Studioschirm Anschluss, mit allen DynaSun Schirme kompatibel und mit den meisten anderen Marken * F\u00fcr Studioschirme mit einem Durchmesser unter 8mm * Passt in jede Standard-Lampenstativ * Farbe: Schwarz * Abmessungen: ca. 15x11x3,5cm * Gewicht: 425g Lieferumfang 1x DynaSun JZ Dreifach einstellbare Blitzhalterung<\/p>\n","protected":false},"excerpt":{"rendered":"<p>DynaSun JZ Dreifache Blitzschuhhalterung Blitzschuh Adapter mit Schirmhalterung Kugelkopf Drehgelenk f\u00fcr Speedlite Blitz Blitzger\u00e4t mit Schwenkhalterung, Studioschirm Sockel Beschreibung DynaSun JZ ist ein Blitzschuhadapter mit 3 unabh\u00e4ngigen Blitzschienen. Diese Struktur erm\u00f6glicht die gleichzeitige Montierung von 3 verschiedenen Blitzger\u00e4ten. Der zentrale Studioschirm Loch ist mit allen DynaSun Schirme kompatibel und mit den meisten anderen Marken. Dies&hellip; <br \/> <a class=\"read-more\" href=\"https:\/\/personalcity.net\/home\/produkt\/dynasun-jz-dreifache-blitzschuhhalterung-blitzschuh-adapter-fuer-speedlite-blitz-blitzgeraet-mit-schirmhalterung-kugelkopf-drehgelenk\/\">Weiterlesen<\/a><\/p>\n","protected":false},"featured_media":5100,"comment_status":"open","ping_status":"closed","template":"","meta":[],"product_cat":[218],"product_tag":[],"class_list":{"0":"post-5099","1":"product","2":"type-product","3":"status-publish","4":"has-post-thumbnail","6":"product_cat-elektronik","8":"first","9":"outofstock","10":"shipping-taxable","11":"purchasable","12":"product-type-simple"},"_links":{"self":[{"href":"https:\/\/personalcity.net\/home\/wp-json\/wp\/v2\/product\/5099","targetHints":{"allow":["GET"]}}],"collection":[{"href":"https:\/\/personalcity.net\/home\/wp-json\/wp\/v2\/product"}],"about":[{"href":"https:\/\/personalcity.net\/home\/wp-json\/wp\/v2\/types\/product"}],"replies":[{"embeddable":true,"href":"https:\/\/personalcity.net\/home\/wp-json\/wp\/v2\/comments?post=5099"}],"wp:featuredmedia":[{"embeddable":true,"href":"https:\/\/personalcity.net\/home\/wp-json\/wp\/v2\/media\/5100"}],"wp:attachment":[{"href":"https:\/\/personalcity.net\/home\/wp-json\/wp\/v2\/media?parent=5099"}],"wp:term":[{"taxonomy":"product_cat","embeddable":true,"href":"https:\/\/personalcity.net\/home\/wp-json\/wp\/v2\/product_cat?post=5099"},{"taxonomy":"product_tag","embeddable":true,"href":"https:\/\/personalcity.net\/home\/wp-json\/wp\/v2\/product_tag?post=5099"}],"curies":[{"name":"wp","href":"https:\/\/api.w.org\/{rel}","templated":true}]}}