{"id":5101,"date":"2024-05-24T11:16:15","date_gmt":"2024-05-24T09:16:15","guid":{"rendered":"http:\/\/personalcity.net\/home\/produkt\/lampenstativ-dynasun-w803-220cm-profi-qualitaet-stativ-fuer-blitze-lampen-tasche\/"},"modified":"2025-04-28T15:43:22","modified_gmt":"2025-04-28T13:43:22","slug":"lampenstativ-dynasun-w803-220cm-profi-qualitaet-stativ-fuer-blitze-lampen-tasche","status":"publish","type":"product","link":"https:\/\/personalcity.net\/home\/produkt\/lampenstativ-dynasun-w803-220cm-profi-qualitaet-stativ-fuer-blitze-lampen-tasche\/","title":{"rendered":"Lampenstativ DynaSun W803 220cm Profi Qualit\u00e4t Stativ f\u00fcr Blitze\/Lampen + TASCHE"},"content":{"rendered":"<p>FOTO VIDEO LIGHT STATIV LAMPENSTATIV f\u00fcr BLITZE\/LAMPEN DYNASUN PRO W803 LEUCHTENSTATIV mit Standard Spigot Beschreibung Das sehr stabile Lampenstativ von DynaSun W803 Pro Studio ist f\u00fcr Blitze und Studioleuchten geeignet. Diese sehr stabilen Lampenstative f\u00fcr den professionellen Fotografen eignen sich auch hervorragend f\u00fcr Studioblitze, Tageslichtlampen, Reflektoren oder andere Ger\u00e4te mit einem Eigengewicht von bis zu 2kg. Das sehr gut verarbeitete Stativ ist mit 955g portabel und flexibel einsetzbar. Mit dem Standard-Spigot Anschlu\u00df 5\/8&#8243; ist das DynaSun W803 f\u00fcr alle \u00fcblichen Studioleuchten und Studioblitze geeignet. Lieferumfang * Lampenstativ DynaSun W803 * Rei\u00dfverschlu\u00dfstofftasche<\/p>\n","protected":false},"excerpt":{"rendered":"<p>FOTO VIDEO LIGHT STATIV LAMPENSTATIV f\u00fcr BLITZE\/LAMPEN DYNASUN PRO W803 LEUCHTENSTATIV mit Standard Spigot Beschreibung Das sehr stabile Lampenstativ von DynaSun W803 Pro Studio ist f\u00fcr Blitze und Studioleuchten geeignet. Diese sehr stabilen Lampenstative f\u00fcr den professionellen Fotografen eignen sich auch hervorragend f\u00fcr Studioblitze, Tageslichtlampen, Reflektoren oder andere Ger\u00e4te mit einem Eigengewicht von bis zu&hellip; <br \/> <a class=\"read-more\" href=\"https:\/\/personalcity.net\/home\/produkt\/lampenstativ-dynasun-w803-220cm-profi-qualitaet-stativ-fuer-blitze-lampen-tasche\/\">Weiterlesen<\/a><\/p>\n","protected":false},"featured_media":5102,"comment_status":"open","ping_status":"closed","template":"","meta":[],"product_cat":[218],"product_tag":[],"class_list":{"0":"post-5101","1":"product","2":"type-product","3":"status-publish","4":"has-post-thumbnail","6":"product_cat-elektronik","8":"first","9":"outofstock","10":"shipping-taxable","11":"purchasable","12":"product-type-simple"},"_links":{"self":[{"href":"https:\/\/personalcity.net\/home\/wp-json\/wp\/v2\/product\/5101","targetHints":{"allow":["GET"]}}],"collection":[{"href":"https:\/\/personalcity.net\/home\/wp-json\/wp\/v2\/product"}],"about":[{"href":"https:\/\/personalcity.net\/home\/wp-json\/wp\/v2\/types\/product"}],"replies":[{"embeddable":true,"href":"https:\/\/personalcity.net\/home\/wp-json\/wp\/v2\/comments?post=5101"}],"wp:featuredmedia":[{"embeddable":true,"href":"https:\/\/personalcity.net\/home\/wp-json\/wp\/v2\/media\/5102"}],"wp:attachment":[{"href":"https:\/\/personalcity.net\/home\/wp-json\/wp\/v2\/media?parent=5101"}],"wp:term":[{"taxonomy":"product_cat","embeddable":true,"href":"https:\/\/personalcity.net\/home\/wp-json\/wp\/v2\/product_cat?post=5101"},{"taxonomy":"product_tag","embeddable":true,"href":"https:\/\/personalcity.net\/home\/wp-json\/wp\/v2\/product_tag?post=5101"}],"curies":[{"name":"wp","href":"https:\/\/api.w.org\/{rel}","templated":true}]}}