{"id":5105,"date":"2024-05-24T11:16:15","date_gmt":"2024-05-24T09:16:15","guid":{"rendered":"http:\/\/personalcity.net\/home\/produkt\/dynasun-l1250f-lampenstativ-stativ-mit-einer-verlaengerungsstange-1-4%e2%80%b3-schraube-auf-einem-5-8%e2%80%b3-umkehrbaren-befestigungsbolzen\/"},"modified":"2025-04-28T15:43:22","modified_gmt":"2025-04-28T13:43:22","slug":"dynasun-l1250f-lampenstativ-stativ-mit-einer-verlaengerungsstange-1-4%e2%80%b3-schraube-auf-einem-5-8%e2%80%b3-umkehrbaren-befestigungsbolzen","status":"publish","type":"product","link":"https:\/\/personalcity.net\/home\/produkt\/dynasun-l1250f-lampenstativ-stativ-mit-einer-verlaengerungsstange-1-4%e2%80%b3-schraube-auf-einem-5-8%e2%80%b3-umkehrbaren-befestigungsbolzen\/","title":{"rendered":"DynaSun L1250F Lampenstativ Stativ mit einer Verl\u00e4ngerungsstange, 1\/4\u2033 Schraube auf einem 5\/8\u2033 umkehrbaren Befestigungsbolzen"},"content":{"rendered":"<p>DynaSun L1250F Lampenstativ Stativ mit einer Verl\u00e4ngerungsstange, 1\/4&#8243;; Schraube auf einem 5\/8&#8243;; umkehrbaren Befestigungsbolzen, schwarz anodisiert f\u00fcr Studio Foto, Video und Fotografie Beschreibung Der DynaSun L1250F Stativ ist das ultimative portable, leichte Halterungswerkzeug. Haltbar und vielseitig, sorgf\u00e4ltig hergestellt aus den besten leichten und doch harten Materialien. Dieser Stativ hat alle Eigenschaften, die Sie brauchen. Der DynaSun L1250F wurde entworfen, um sowohl Lichtwannen als auch Stroboskope zu unterst\u00fctzen und den h\u00f6chsten Grad an St\u00e4rke und Stabilit\u00e4t zu bieten. Regul\u00e4re St\u00e4nder wurden urspr\u00fcnglich entworfen, um allein Stroboskope zu halten. Verschraubte Gelenke, eine gr\u00f6\u00dfere Standfl\u00e4che, eine erh\u00f6hte St\u00e4rke der Klammerhalterung und ein Aluminiumrohr mit gr\u00f6\u00dferem Durchmesser verbessern die Festigkeit. Gummierte F\u00fc\u00dfe verhindern ein Rutschen und erlauben ruhige Bewegungen bei wechselnden Lichtarrangements. Mit einer zusammengeschobenen L\u00e4nge von gerade einmal 53 cm machen die zur\u00fcckfaltbaren Beine diesen St\u00e4nder wesentlich kompakter auf Reisen, w\u00e4hrend sie gleichzeitig Stabilit\u00e4t wahren. Eine Standard \u00bc\u201c-Schraube und ein 5\/8\u201c-St\u00e4nder, leicht zu drehende gro\u00dfe Kn\u00f6pfe, eine variable Spannung, starre Beine, gummierte F\u00fc\u00dfe und eine leicht Balance und Stabilit\u00e4t erg\u00e4nzen sich alle, um diesen f\u00fcr Sie perfekten Lichtst\u00e4nder zu bilden. Eine Standard \u00bc\u201c-Schraube bedeutet, dass sie fast jedes Licht, jeden Modifizierer, jedes Blitzger\u00e4t und jede Klammer an diesem St\u00e4nder befestigen k\u00f6nnen. Der Zapfen ist entfernbar und kann in einer vertikalen oder horizontalen Position angebracht werden. Stabile Beine, die mit Aluminium aus der Luftfahrt hergestellt wurden, unterst\u00fctzen maximale Tragkraft, w\u00e4hrend sie das Gewicht gering halten und das perfekte Verh\u00e4ltnis von Standfl\u00e4che zu H\u00f6he bieten.<\/p>\n","protected":false},"excerpt":{"rendered":"<p>DynaSun L1250F Lampenstativ Stativ mit einer Verl\u00e4ngerungsstange, 1\/4&#8243;; Schraube auf einem 5\/8&#8243;; umkehrbaren Befestigungsbolzen, schwarz anodisiert f\u00fcr Studio Foto, Video und Fotografie Beschreibung Der DynaSun L1250F Stativ ist das ultimative portable, leichte Halterungswerkzeug. Haltbar und vielseitig, sorgf\u00e4ltig hergestellt aus den besten leichten und doch harten Materialien. Dieser Stativ hat alle Eigenschaften, die Sie brauchen. Der&hellip; <br \/> <a class=\"read-more\" href=\"https:\/\/personalcity.net\/home\/produkt\/dynasun-l1250f-lampenstativ-stativ-mit-einer-verlaengerungsstange-1-4%e2%80%b3-schraube-auf-einem-5-8%e2%80%b3-umkehrbaren-befestigungsbolzen\/\">Weiterlesen<\/a><\/p>\n","protected":false},"featured_media":5106,"comment_status":"open","ping_status":"closed","template":"","meta":[],"product_cat":[218],"product_tag":[],"class_list":{"0":"post-5105","1":"product","2":"type-product","3":"status-publish","4":"has-post-thumbnail","6":"product_cat-elektronik","8":"first","9":"outofstock","10":"shipping-taxable","11":"purchasable","12":"product-type-simple"},"_links":{"self":[{"href":"https:\/\/personalcity.net\/home\/wp-json\/wp\/v2\/product\/5105","targetHints":{"allow":["GET"]}}],"collection":[{"href":"https:\/\/personalcity.net\/home\/wp-json\/wp\/v2\/product"}],"about":[{"href":"https:\/\/personalcity.net\/home\/wp-json\/wp\/v2\/types\/product"}],"replies":[{"embeddable":true,"href":"https:\/\/personalcity.net\/home\/wp-json\/wp\/v2\/comments?post=5105"}],"wp:featuredmedia":[{"embeddable":true,"href":"https:\/\/personalcity.net\/home\/wp-json\/wp\/v2\/media\/5106"}],"wp:attachment":[{"href":"https:\/\/personalcity.net\/home\/wp-json\/wp\/v2\/media?parent=5105"}],"wp:term":[{"taxonomy":"product_cat","embeddable":true,"href":"https:\/\/personalcity.net\/home\/wp-json\/wp\/v2\/product_cat?post=5105"},{"taxonomy":"product_tag","embeddable":true,"href":"https:\/\/personalcity.net\/home\/wp-json\/wp\/v2\/product_tag?post=5105"}],"curies":[{"name":"wp","href":"https:\/\/api.w.org\/{rel}","templated":true}]}}