{"id":5107,"date":"2024-05-24T11:16:17","date_gmt":"2024-05-24T09:16:17","guid":{"rendered":"http:\/\/personalcity.net\/home\/produkt\/dynasun-mm2kit-2in1-studio-set-foto-video-licht-lampenstativ-mit-doppel-lampenfassung-lampenhalterung-reflexschirmhalter-schirm-reflexschirm-fuer-blitze-lampen\/"},"modified":"2025-04-28T15:43:21","modified_gmt":"2025-04-28T13:43:21","slug":"dynasun-mm2kit-2in1-studio-set-foto-video-licht-lampenstativ-mit-doppel-lampenfassung-lampenhalterung-reflexschirmhalter-schirm-reflexschirm-fuer-blitze-lampen","status":"publish","type":"product","link":"https:\/\/personalcity.net\/home\/produkt\/dynasun-mm2kit-2in1-studio-set-foto-video-licht-lampenstativ-mit-doppel-lampenfassung-lampenhalterung-reflexschirmhalter-schirm-reflexschirm-fuer-blitze-lampen\/","title":{"rendered":"DynaSun MM2KIT 2in1 Studio Set Foto Video Licht Lampenstativ mit doppel Lampenfassung Lampenhalterung Reflexschirmhalter, Schirm Reflexschirm f\u00fcr Blitze Lampen"},"content":{"rendered":"<p>DynaSun MM2KIT 2in1 Studio Set Foto Video Licht Lampenstativ mit doppel Lampenfassung Lampenhalterung Reflexschirmhalter, Schirm Reflexschirm f\u00fcr Blitze Lampen Beschreibung Unser Studioset DynaSun MM2KIT wird nach dem kompromisslosen Standard hergestellt. Zu unserem Adapter passen die meisten Blitzger\u00e4te und Lampen mit Fassung E27. Der Adapter erlaubt Ihnen, zwei Studioblitz wie Studior\u00f6hrenblitz oder zwei Standardblitz mit Fassung E27 zu benutzen. Dazu bietet er noch die M\u00f6glichkeit, einen Regenschirm anzubringen. Sie k\u00f6nnen den Winkel des Regenschirmes und des Studioblitze beliebig einstellen. Dieses Set kann mit einem reflektierenden oder lichtdurchl\u00e4ssigen Reflektorset kombiniert werden. Es ist ideal f\u00fcr Studio oder Au\u00dfentermin, wo Beweglichkeit und einfache Einstellung notwendig sind. Es l\u00e4sst sich ohne Einschr\u00e4nkung f\u00fcrs Fotostudio hervorragend verwenden. Stativaufsatz Reflexschirmhalter MM2 Sie haben ab sofort die M\u00f6glichkeit, 2 Synchronblitze zu bedienen. Schwenkbare Universal-Lampenfassung E27, unser Reflexschrimhalter ist anwendbar mit allen Synchronblitzlampen und Spirallampen mit Fassung E27, max. 250Watt. Ideal f\u00fcr Studiobeleuchtung, Studioblitz, Tageslichtlampen, Synchronblitzger\u00e4te usw. Die Halterung ist durch ihre 360\u00b0 Drehbarkeit und 180\u00b0 Schwenkbarkeit \u00e4u\u00dferst flexibel. Die Fassung bietet innen eine Aufnahme und ist au\u00dfen mit hitzebest\u00e4ndigem ABS-Kunststoff ausgestattet. Sie k\u00f6nnen den Schalter f\u00fcr An- und Aus leicht bedienen. Eine Aufnahme f\u00fcr Reflexschirm ist ebenfalls vorhanden. Die Lampenfassung kann mit einer komfortablen Feststellschraube auf ein entsprechendes Lampenstativ fixiert werden. Einfach, praktisch und effektiv! In stabiler Ausf\u00fchrung. Lampenstativ W803Studioschirm UR02 Weiss<\/p>\n","protected":false},"excerpt":{"rendered":"<p>DynaSun MM2KIT 2in1 Studio Set Foto Video Licht Lampenstativ mit doppel Lampenfassung Lampenhalterung Reflexschirmhalter, Schirm Reflexschirm f\u00fcr Blitze Lampen Beschreibung Unser Studioset DynaSun MM2KIT wird nach dem kompromisslosen Standard hergestellt. Zu unserem Adapter passen die meisten Blitzger\u00e4te und Lampen mit Fassung E27. Der Adapter erlaubt Ihnen, zwei Studioblitz wie Studior\u00f6hrenblitz oder zwei Standardblitz mit Fassung&hellip; <br \/> <a class=\"read-more\" href=\"https:\/\/personalcity.net\/home\/produkt\/dynasun-mm2kit-2in1-studio-set-foto-video-licht-lampenstativ-mit-doppel-lampenfassung-lampenhalterung-reflexschirmhalter-schirm-reflexschirm-fuer-blitze-lampen\/\">Weiterlesen<\/a><\/p>\n","protected":false},"featured_media":5108,"comment_status":"open","ping_status":"closed","template":"","meta":[],"product_cat":[218],"product_tag":[],"class_list":{"0":"post-5107","1":"product","2":"type-product","3":"status-publish","4":"has-post-thumbnail","6":"product_cat-elektronik","8":"first","9":"outofstock","10":"shipping-taxable","11":"purchasable","12":"product-type-simple"},"_links":{"self":[{"href":"https:\/\/personalcity.net\/home\/wp-json\/wp\/v2\/product\/5107","targetHints":{"allow":["GET"]}}],"collection":[{"href":"https:\/\/personalcity.net\/home\/wp-json\/wp\/v2\/product"}],"about":[{"href":"https:\/\/personalcity.net\/home\/wp-json\/wp\/v2\/types\/product"}],"replies":[{"embeddable":true,"href":"https:\/\/personalcity.net\/home\/wp-json\/wp\/v2\/comments?post=5107"}],"wp:featuredmedia":[{"embeddable":true,"href":"https:\/\/personalcity.net\/home\/wp-json\/wp\/v2\/media\/5108"}],"wp:attachment":[{"href":"https:\/\/personalcity.net\/home\/wp-json\/wp\/v2\/media?parent=5107"}],"wp:term":[{"taxonomy":"product_cat","embeddable":true,"href":"https:\/\/personalcity.net\/home\/wp-json\/wp\/v2\/product_cat?post=5107"},{"taxonomy":"product_tag","embeddable":true,"href":"https:\/\/personalcity.net\/home\/wp-json\/wp\/v2\/product_tag?post=5107"}],"curies":[{"name":"wp","href":"https:\/\/api.w.org\/{rel}","templated":true}]}}