{"id":5111,"date":"2024-05-24T11:16:18","date_gmt":"2024-05-24T09:16:18","guid":{"rendered":"http:\/\/personalcity.net\/home\/produkt\/dynasun-mm2kit90-2in1-studio-set-foto-video-licht-lampenstativ-mit-2x-synchronblitzlampe-doppel-lampenfassung-lampenhalterung-reflexschirmhalter-schirm-reflexschirm-fuer-blitze-lampen\/"},"modified":"2025-04-28T15:42:57","modified_gmt":"2025-04-28T13:42:57","slug":"dynasun-mm2kit90-2in1-studio-set-foto-video-licht-lampenstativ-mit-2x-synchronblitzlampe-doppel-lampenfassung-lampenhalterung-reflexschirmhalter-schirm-reflexschirm-fuer-blitze-lampen","status":"publish","type":"product","link":"https:\/\/personalcity.net\/home\/produkt\/dynasun-mm2kit90-2in1-studio-set-foto-video-licht-lampenstativ-mit-2x-synchronblitzlampe-doppel-lampenfassung-lampenhalterung-reflexschirmhalter-schirm-reflexschirm-fuer-blitze-lampen\/","title":{"rendered":"DynaSun MM2KIT90 2in1 Studio Set Foto Video Licht Lampenstativ mit 2x Synchronblitzlampe, doppel Lampenfassung Lampenhalterung Reflexschirmhalter, Schirm Reflexschirm f\u00fcr Blitze Lampen"},"content":{"rendered":"<p>DynaSun MM2KIT90 2in1 Studio Set Foto Video Licht Lampenstativ mit 2x Synchronblitzlampe, doppel Lampenfassung Lampenhalterung Reflexschirmhalter, Schirm Reflexschirm f\u00fcr Blitze Lampen Beschreibung Das DynaSun MM2KIT90 Studioset ist die perfekte L\u00f6sung f\u00fcr den Studio. Es l\u00e4sst sich ohne Einschr\u00e4nkung f\u00fcrs Fotostudio hervorragend verwenden. Mit dem kompletten Studio-Blitzset MM2KIT90 Sie k\u00f6nnen Ihre Fotostudio vergr\u00f6\u00dfern. Zur Lichtstreuung wird der Reflektorschirm UR02 Weiss eingesetzt mit Durchmesser von 84cm. Die zwei Synchronblitzlampe flash WOF4001 haben eine Blitzleistung von 45W und verf\u00fcgt \u00fcber eine E27 Fassung.Unser Studioset DynaSun MM2KIT90 wird nach dem kompromisslosen Standard hergestellt. Mitgeliefert wird zwei Synchronkabel, welches \u00fcber einen passenden Anschluss an Kameras mit Blitzsynchronbuchse verf\u00fcgt. DynaSun W803 ist ein leichtes Aluminium Lampenstativ mit praktischen Schnellspannhebeln. Die maximale H\u00f6he betr\u00e4gt 2,20 m und der Rohrdurchmesser betr\u00e4gt 23,5 mm. Optimal zur Beleuchtung der Platte eines Aufnahmetisches, ideal als Hintergrundlicht und als Effektlicht geeignet. Sie k\u00f6nnen den Winkel des Regenschirmes und des Studioblitze beliebig einstellen. Dieses Set kann mit einem reflektierenden oder lichtdurchl\u00e4ssigen Reflektorset kombiniert werden. Synchronblitzlampe WOF4001 Unser brandneuer DynaSun Studioblitz wurde speziell f\u00fcr die Arbeit in Fotostudio entwickelt. Seine schnelle Nachladezeit, die gro\u00dfe Leuchtkraft und die sichere Farbtemperatur machen diesen Blitz zum Profiger\u00e4t &#8211; technisch sicher, zuverl\u00e4ssig und haltbar. Durch seine \u00fcbersichtlich gestaltete und somit einfach zu bedienende Performance ist er auch f\u00fcr anspruchsvolle Amateure geeignet. Diese Synchronblitzlampe bietet eine preiswerte und leistungsstarke Alternative zu Systemblitzen. Stativaufsatz Reflexschirmhalter MM2 Lampenstativ W803Studioschirm UR02 Weiss<\/p>\n","protected":false},"excerpt":{"rendered":"<p>DynaSun MM2KIT90 2in1 Studio Set Foto Video Licht Lampenstativ mit 2x Synchronblitzlampe, doppel Lampenfassung Lampenhalterung Reflexschirmhalter, Schirm Reflexschirm f\u00fcr Blitze Lampen Beschreibung Das DynaSun MM2KIT90 Studioset ist die perfekte L\u00f6sung f\u00fcr den Studio. Es l\u00e4sst sich ohne Einschr\u00e4nkung f\u00fcrs Fotostudio hervorragend verwenden. Mit dem kompletten Studio-Blitzset MM2KIT90 Sie k\u00f6nnen Ihre Fotostudio vergr\u00f6\u00dfern. Zur Lichtstreuung wird&hellip; <br \/> <a class=\"read-more\" href=\"https:\/\/personalcity.net\/home\/produkt\/dynasun-mm2kit90-2in1-studio-set-foto-video-licht-lampenstativ-mit-2x-synchronblitzlampe-doppel-lampenfassung-lampenhalterung-reflexschirmhalter-schirm-reflexschirm-fuer-blitze-lampen\/\">Weiterlesen<\/a><\/p>\n","protected":false},"featured_media":5112,"comment_status":"open","ping_status":"closed","template":"","meta":[],"product_cat":[218],"product_tag":[],"class_list":{"0":"post-5111","1":"product","2":"type-product","3":"status-publish","4":"has-post-thumbnail","6":"product_cat-elektronik","8":"first","9":"outofstock","10":"shipping-taxable","11":"purchasable","12":"product-type-simple"},"_links":{"self":[{"href":"https:\/\/personalcity.net\/home\/wp-json\/wp\/v2\/product\/5111","targetHints":{"allow":["GET"]}}],"collection":[{"href":"https:\/\/personalcity.net\/home\/wp-json\/wp\/v2\/product"}],"about":[{"href":"https:\/\/personalcity.net\/home\/wp-json\/wp\/v2\/types\/product"}],"replies":[{"embeddable":true,"href":"https:\/\/personalcity.net\/home\/wp-json\/wp\/v2\/comments?post=5111"}],"wp:featuredmedia":[{"embeddable":true,"href":"https:\/\/personalcity.net\/home\/wp-json\/wp\/v2\/media\/5112"}],"wp:attachment":[{"href":"https:\/\/personalcity.net\/home\/wp-json\/wp\/v2\/media?parent=5111"}],"wp:term":[{"taxonomy":"product_cat","embeddable":true,"href":"https:\/\/personalcity.net\/home\/wp-json\/wp\/v2\/product_cat?post=5111"},{"taxonomy":"product_tag","embeddable":true,"href":"https:\/\/personalcity.net\/home\/wp-json\/wp\/v2\/product_tag?post=5111"}],"curies":[{"name":"wp","href":"https:\/\/api.w.org\/{rel}","templated":true}]}}