{"id":5115,"date":"2024-05-24T11:16:18","date_gmt":"2024-05-24T09:16:18","guid":{"rendered":"http:\/\/personalcity.net\/home\/produkt\/dynasun-jdd8kit-4in1-e27-studio-set-foto-video-licht-lampenstativ-reflexschirmhalter-mit-4in1-lampenfassung-lampenhalterung-schirm-reflexschirm-fuer-blitze-lampen\/"},"modified":"2025-04-28T15:42:57","modified_gmt":"2025-04-28T13:42:57","slug":"dynasun-jdd8kit-4in1-e27-studio-set-foto-video-licht-lampenstativ-reflexschirmhalter-mit-4in1-lampenfassung-lampenhalterung-schirm-reflexschirm-fuer-blitze-lampen","status":"publish","type":"product","link":"https:\/\/personalcity.net\/home\/produkt\/dynasun-jdd8kit-4in1-e27-studio-set-foto-video-licht-lampenstativ-reflexschirmhalter-mit-4in1-lampenfassung-lampenhalterung-schirm-reflexschirm-fuer-blitze-lampen\/","title":{"rendered":"DynaSun JDD8KIT 4in1 E27 Studio Set Foto Video Licht Lampenstativ Reflexschirmhalter mit 4in1 Lampenfassung Lampenhalterung, Schirm Reflexschirm f\u00fcr Blitze Lampen"},"content":{"rendered":"<p>DynaSun JDD8KIT 4in1 E27 Studio Set Foto Video Licht Lampenstativ Reflexschirmhalter mit 4in1 Lampenfassung Lampenhalterung, Schirm Reflexschirm f\u00fcr Blitze Lampen Beschreibung Unser Studioset DynaSun JDD8KIT wird nach dem kompromisslosen Standard hergestellt. Zu unserem Adapter passen die meisten Blitzger\u00e4te und Lampen mit Fassung E27. Der Adapter erlaubt Ihnen, einen Studioblitz wie ein Studior\u00f6hrenblitz oder ein Standardblitz mit Fassung E27 zu benutzen. Dazu bietet er noch die M\u00f6glichkeit, einen Regenschirm anzubringen. Sie k\u00f6nnen den Winkel des Regenschirmes und des Studioblitze beliebig einstellen. Dieses Set kann mit einem reflektierenden oder lichtdurchl\u00e4ssigen Reflektorset kombiniert werden. Es ist ideal f\u00fcr Studio oder Au\u00dfentermin, wo Beweglichkeit und einfache Einstellung notwendig sind. Es l\u00e4sst sich ohne Einschr\u00e4nkung f\u00fcrs Fotostudio hervorragend verwenden. Lampenfassung JDD8 Das Produkt ist die ideale Wahl sowohl f\u00fcr professionelle Studioanforderungen als auch f\u00fcr den Hobbybereich. Mit dieser kleinen aber praktischen Lampenfassung machen Sie aus einer vorhandenen Lampe eine starke Lichtquelle. Die Struktur ist einfach.Sie k\u00f6nnen sich nach ihrem Wunsch entscheiden,wie viele Birne installieren.Wenn Sie mit 4 Energiesparlampe zusammenverwenden, kann die Lichtintensit\u00e4t 4mal erh\u00f6hen. Dieses Produkt kann mit Softbox order Reflektorschirm ausgestattet werden. Mit dieser Lampenfassung k\u00f6nnen Sie die Leistung ihrer vorhandenen Lampen um das 4-fache steigern (max. 250 Watt) Lampenstativ W803 Stativaufsatz Reflexschirmhalter WOF4005 Studioschirm UR02 Weiss<\/p>\n","protected":false},"excerpt":{"rendered":"<p>DynaSun JDD8KIT 4in1 E27 Studio Set Foto Video Licht Lampenstativ Reflexschirmhalter mit 4in1 Lampenfassung Lampenhalterung, Schirm Reflexschirm f\u00fcr Blitze Lampen Beschreibung Unser Studioset DynaSun JDD8KIT wird nach dem kompromisslosen Standard hergestellt. Zu unserem Adapter passen die meisten Blitzger\u00e4te und Lampen mit Fassung E27. Der Adapter erlaubt Ihnen, einen Studioblitz wie ein Studior\u00f6hrenblitz oder ein Standardblitz&hellip; <br \/> <a class=\"read-more\" href=\"https:\/\/personalcity.net\/home\/produkt\/dynasun-jdd8kit-4in1-e27-studio-set-foto-video-licht-lampenstativ-reflexschirmhalter-mit-4in1-lampenfassung-lampenhalterung-schirm-reflexschirm-fuer-blitze-lampen\/\">Weiterlesen<\/a><\/p>\n","protected":false},"featured_media":5116,"comment_status":"open","ping_status":"closed","template":"","meta":[],"product_cat":[218],"product_tag":[],"class_list":{"0":"post-5115","1":"product","2":"type-product","3":"status-publish","4":"has-post-thumbnail","6":"product_cat-elektronik","8":"first","9":"outofstock","10":"shipping-taxable","11":"purchasable","12":"product-type-simple"},"_links":{"self":[{"href":"https:\/\/personalcity.net\/home\/wp-json\/wp\/v2\/product\/5115","targetHints":{"allow":["GET"]}}],"collection":[{"href":"https:\/\/personalcity.net\/home\/wp-json\/wp\/v2\/product"}],"about":[{"href":"https:\/\/personalcity.net\/home\/wp-json\/wp\/v2\/types\/product"}],"replies":[{"embeddable":true,"href":"https:\/\/personalcity.net\/home\/wp-json\/wp\/v2\/comments?post=5115"}],"wp:featuredmedia":[{"embeddable":true,"href":"https:\/\/personalcity.net\/home\/wp-json\/wp\/v2\/media\/5116"}],"wp:attachment":[{"href":"https:\/\/personalcity.net\/home\/wp-json\/wp\/v2\/media?parent=5115"}],"wp:term":[{"taxonomy":"product_cat","embeddable":true,"href":"https:\/\/personalcity.net\/home\/wp-json\/wp\/v2\/product_cat?post=5115"},{"taxonomy":"product_tag","embeddable":true,"href":"https:\/\/personalcity.net\/home\/wp-json\/wp\/v2\/product_tag?post=5115"}],"curies":[{"name":"wp","href":"https:\/\/api.w.org\/{rel}","templated":true}]}}