{"id":5121,"date":"2024-05-24T11:16:19","date_gmt":"2024-05-24T09:16:19","guid":{"rendered":"http:\/\/personalcity.net\/home\/produkt\/blitzhalter-reflexschirm-reflektorshirm-dynasun-2xsa35-blitz-halter-blitzneiger-schirmhalter\/"},"modified":"2025-04-28T15:42:57","modified_gmt":"2025-04-28T13:42:57","slug":"blitzhalter-reflexschirm-reflektorshirm-dynasun-2xsa35-blitz-halter-blitzneiger-schirmhalter","status":"publish","type":"product","link":"https:\/\/personalcity.net\/home\/produkt\/blitzhalter-reflexschirm-reflektorshirm-dynasun-2xsa35-blitz-halter-blitzneiger-schirmhalter\/","title":{"rendered":"Blitzhalter Reflexschirm Reflektorshirm DynaSun 2xSA35 Blitz Halter Blitzneiger Schirmhalter"},"content":{"rendered":"<p>KIT 2x REFLEKTORSCHIRM BLITZ HALTER DYNASUN SA35RA SCHWENKBARER Halter f\u00fcr professionelle Beleuchtung Beschreibung Diese Reflektorschirm Halter ist geeignet f\u00fcr professionelle Ausleuchtung. Der Reflektor Schirmhalter wird mit der integrierten Fl\u00fcgelschraube einfach auf ein Lampen\/Leuchtenstativ montiert. Diese Halter ist auch ohne Schirm mit einem Studio Lampenstativ als flexibler Blitzhalter verwendbar. Der verstellbare Neigungsmechanismus erm\u00f6glich Ihnen die professionelle zielgenaue Ausleuchtung Ihrer Aufnahmen durch indirektes Blitzen gegen den Schirm. Lieferumfang * 2x DynaSun SA35RA<\/p>\n","protected":false},"excerpt":{"rendered":"<p>KIT 2x REFLEKTORSCHIRM BLITZ HALTER DYNASUN SA35RA SCHWENKBARER Halter f\u00fcr professionelle Beleuchtung Beschreibung Diese Reflektorschirm Halter ist geeignet f\u00fcr professionelle Ausleuchtung. Der Reflektor Schirmhalter wird mit der integrierten Fl\u00fcgelschraube einfach auf ein Lampen\/Leuchtenstativ montiert. Diese Halter ist auch ohne Schirm mit einem Studio Lampenstativ als flexibler Blitzhalter verwendbar. Der verstellbare Neigungsmechanismus erm\u00f6glich Ihnen die professionelle&hellip; <br \/> <a class=\"read-more\" href=\"https:\/\/personalcity.net\/home\/produkt\/blitzhalter-reflexschirm-reflektorshirm-dynasun-2xsa35-blitz-halter-blitzneiger-schirmhalter\/\">Weiterlesen<\/a><\/p>\n","protected":false},"featured_media":5122,"comment_status":"open","ping_status":"closed","template":"","meta":[],"product_cat":[218],"product_tag":[],"class_list":{"0":"post-5121","1":"product","2":"type-product","3":"status-publish","4":"has-post-thumbnail","6":"product_cat-elektronik","8":"first","9":"outofstock","10":"shipping-taxable","11":"purchasable","12":"product-type-simple"},"_links":{"self":[{"href":"https:\/\/personalcity.net\/home\/wp-json\/wp\/v2\/product\/5121","targetHints":{"allow":["GET"]}}],"collection":[{"href":"https:\/\/personalcity.net\/home\/wp-json\/wp\/v2\/product"}],"about":[{"href":"https:\/\/personalcity.net\/home\/wp-json\/wp\/v2\/types\/product"}],"replies":[{"embeddable":true,"href":"https:\/\/personalcity.net\/home\/wp-json\/wp\/v2\/comments?post=5121"}],"wp:featuredmedia":[{"embeddable":true,"href":"https:\/\/personalcity.net\/home\/wp-json\/wp\/v2\/media\/5122"}],"wp:attachment":[{"href":"https:\/\/personalcity.net\/home\/wp-json\/wp\/v2\/media?parent=5121"}],"wp:term":[{"taxonomy":"product_cat","embeddable":true,"href":"https:\/\/personalcity.net\/home\/wp-json\/wp\/v2\/product_cat?post=5121"},{"taxonomy":"product_tag","embeddable":true,"href":"https:\/\/personalcity.net\/home\/wp-json\/wp\/v2\/product_tag?post=5121"}],"curies":[{"name":"wp","href":"https:\/\/api.w.org\/{rel}","templated":true}]}}