{"id":5123,"date":"2024-05-24T11:16:19","date_gmt":"2024-05-24T09:16:19","guid":{"rendered":"http:\/\/personalcity.net\/home\/produkt\/studioset-studioblitz-dynasun-968-blitzhalter-halter-stativ-studioschirm-schirm-fuer-blitzgeraet-blitz\/"},"modified":"2025-04-28T15:42:57","modified_gmt":"2025-04-28T13:42:57","slug":"studioset-studioblitz-dynasun-968-blitzhalter-halter-stativ-studioschirm-schirm-fuer-blitzgeraet-blitz","status":"publish","type":"product","link":"https:\/\/personalcity.net\/home\/produkt\/studioset-studioblitz-dynasun-968-blitzhalter-halter-stativ-studioschirm-schirm-fuer-blitzgeraet-blitz\/","title":{"rendered":"Studioset Studioblitz DynaSun 968 Blitzhalter Halter Stativ Studioschirm Schirm f\u00fcr Blitzger\u00e4t Blitz"},"content":{"rendered":"<p>STUDIO SET PHOTO VIDEO LIGHT STAND DYNASUN W968S LAMPENSTATIV mit REFLEXSCHIRM REFLEXSCHIRMHALTER f\u00fcr BLITZE\/LAMPEN Beschreibung Unser Studioset DynaSun W968S wird nach dem kompromisslosen Standard hergestellt. Zu unserem Adapter passen die meisten Blitzger\u00e4te und Lampen. Der Adapter erlaubt Ihnen, einen Studioblitz wie ein Studior\u00f6hrenblitz oder ein Standardblitz zu benutzen. Dazu bietet er noch die M\u00f6glichkeit, einen Regenschirm anzubringen. Sie k\u00f6nnen den Winkel des Regenschirmes und des Flashs beliebig einstellen. Dieses Set kann mit einem reflektierenden oder lichtdurchl\u00e4ssigen Reflektorset kombiniert werden. Es ist ideal f\u00fcr Studio oder Au\u00dfentermin, wo Beweglichkeit und einfache Einstellung notwendig sind. Lieferumfang * Lampenstativ DynaSun W803 * Reflexschirmhalter DynaSun SA35RA * Reflexschirm DynaSun UR02 Weiss * Rei\u00dfverschlu\u00dfstofftasche<\/p>\n","protected":false},"excerpt":{"rendered":"<p>STUDIO SET PHOTO VIDEO LIGHT STAND DYNASUN W968S LAMPENSTATIV mit REFLEXSCHIRM REFLEXSCHIRMHALTER f\u00fcr BLITZE\/LAMPEN Beschreibung Unser Studioset DynaSun W968S wird nach dem kompromisslosen Standard hergestellt. Zu unserem Adapter passen die meisten Blitzger\u00e4te und Lampen. Der Adapter erlaubt Ihnen, einen Studioblitz wie ein Studior\u00f6hrenblitz oder ein Standardblitz zu benutzen. Dazu bietet er noch die M\u00f6glichkeit, einen&hellip; <br \/> <a class=\"read-more\" href=\"https:\/\/personalcity.net\/home\/produkt\/studioset-studioblitz-dynasun-968-blitzhalter-halter-stativ-studioschirm-schirm-fuer-blitzgeraet-blitz\/\">Weiterlesen<\/a><\/p>\n","protected":false},"featured_media":5124,"comment_status":"open","ping_status":"closed","template":"","meta":[],"product_cat":[218],"product_tag":[],"class_list":{"0":"post-5123","1":"product","2":"type-product","3":"status-publish","4":"has-post-thumbnail","6":"product_cat-elektronik","8":"first","9":"outofstock","10":"shipping-taxable","11":"purchasable","12":"product-type-simple"},"_links":{"self":[{"href":"https:\/\/personalcity.net\/home\/wp-json\/wp\/v2\/product\/5123","targetHints":{"allow":["GET"]}}],"collection":[{"href":"https:\/\/personalcity.net\/home\/wp-json\/wp\/v2\/product"}],"about":[{"href":"https:\/\/personalcity.net\/home\/wp-json\/wp\/v2\/types\/product"}],"replies":[{"embeddable":true,"href":"https:\/\/personalcity.net\/home\/wp-json\/wp\/v2\/comments?post=5123"}],"wp:featuredmedia":[{"embeddable":true,"href":"https:\/\/personalcity.net\/home\/wp-json\/wp\/v2\/media\/5124"}],"wp:attachment":[{"href":"https:\/\/personalcity.net\/home\/wp-json\/wp\/v2\/media?parent=5123"}],"wp:term":[{"taxonomy":"product_cat","embeddable":true,"href":"https:\/\/personalcity.net\/home\/wp-json\/wp\/v2\/product_cat?post=5123"},{"taxonomy":"product_tag","embeddable":true,"href":"https:\/\/personalcity.net\/home\/wp-json\/wp\/v2\/product_tag?post=5123"}],"curies":[{"name":"wp","href":"https:\/\/api.w.org\/{rel}","templated":true}]}}