{"id":5127,"date":"2024-05-24T11:16:20","date_gmt":"2024-05-24T09:16:20","guid":{"rendered":"http:\/\/personalcity.net\/home\/produkt\/dynasun-w988-studioset-studioblitz-mit-lampenstativ-blitzhalter-lampenfassung-lampenhalterung-schirm-studioschirm-fuer-studio-blitzgeraet-blitz-lampen\/"},"modified":"2025-04-28T15:42:57","modified_gmt":"2025-04-28T13:42:57","slug":"dynasun-w988-studioset-studioblitz-mit-lampenstativ-blitzhalter-lampenfassung-lampenhalterung-schirm-studioschirm-fuer-studio-blitzgeraet-blitz-lampen","status":"publish","type":"product","link":"https:\/\/personalcity.net\/home\/produkt\/dynasun-w988-studioset-studioblitz-mit-lampenstativ-blitzhalter-lampenfassung-lampenhalterung-schirm-studioschirm-fuer-studio-blitzgeraet-blitz-lampen\/","title":{"rendered":"DynaSun W988 Studioset Studioblitz mit Lampenstativ Blitzhalter Lampenfassung Lampenhalterung Schirm Studioschirm f\u00fcr Studio Blitzger\u00e4t Blitz Lampen"},"content":{"rendered":"<p>DynaSun W988 Studioset Studioblitz mit Lampenstativ, Blitzhalter, Lampenfassung Lampenhalterung, Schirm Studioschirm f\u00fcr Studio Blitzger\u00e4t Blitz Lampen Beschreibung Unser Studioset DynaSun W988 wird nach dem kompromisslosen Standard hergestellt. Zu unserem Adapter passen die meisten Blitzger\u00e4te und Lampen. Der Adapter erlaubt Ihnen, einen Studioblitz wie ein Studior\u00f6hrenblitz oder ein Standardblitz zu benutzen. Dazu bietet er noch die M\u00f6glichkeit, einen Regenschirm anzubringen. Mit dem Stativaufsatz WOF4005 passen die meisten Blitzger\u00e4te und Lampen mit Fassung E27. Der Adapter erlaubt Ihnen, einen Studioblitz wie ein Studior\u00f6hrenblitz oder ein Standardblitz mit Fassung E27 zu benutzen. Dazu bietet er noch die M\u00f6glichkeit, einen Regenschirm anzubringen. Sie k\u00f6nnen den Winkel des Regenschirmes und des Flashs beliebig einstellen. Dieses Set kann mit einem reflektierenden oder lichtdurchl\u00e4ssigen Reflektorset kombiniert werden. Es ist ideal f\u00fcr Studio oder Au\u00dfentermine, wo Beweglichkeit und einfache Einstellungen notwendig sind. Reflexschirmhalter SA35RADieser Reflektorschirm Halter ist geeignet f\u00fcr professionelle Ausleuchtung. Der Reflektor Schirmhalter wird mit der integrierten Fl\u00fcgelschraube einfach auf ein Lampen\/Leuchtenstativ montiert.Diese Halter ist auch ohne Schirm mit einem Studio Lampenstativ als flexibler Blitzhalter verwendbar. Der verstellbare Neigungsmechanismus erm\u00f6glich Ihnen die professionelle zielgenaue Ausleuchtung Ihrer Aufnahmen durch indirektes Blitzen gegen den Schirm. Stativaufsatz Reflexschirmhalter WOF4005Schwenkbare Universal-Lampenfassung E27, ideal f\u00fcr Studiobeleuchtung, Studioblitz, Tageslichtlampen, Synchronblitzger\u00e4te usw. Die Fassung bietet innen eine Aufnahme und ist au\u00dfen mit hitzebest\u00e4ndigem ABS-Kunststoff ausgestattet. Auf der R\u00fcckseite befindet sich ein Ein-\/Ausschalter. Studioschirm UR02 Weiss Lampenstativ W803<\/p>\n","protected":false},"excerpt":{"rendered":"<p>DynaSun W988 Studioset Studioblitz mit Lampenstativ, Blitzhalter, Lampenfassung Lampenhalterung, Schirm Studioschirm f\u00fcr Studio Blitzger\u00e4t Blitz Lampen Beschreibung Unser Studioset DynaSun W988 wird nach dem kompromisslosen Standard hergestellt. Zu unserem Adapter passen die meisten Blitzger\u00e4te und Lampen. Der Adapter erlaubt Ihnen, einen Studioblitz wie ein Studior\u00f6hrenblitz oder ein Standardblitz zu benutzen. Dazu bietet er noch die&hellip; <br \/> <a class=\"read-more\" href=\"https:\/\/personalcity.net\/home\/produkt\/dynasun-w988-studioset-studioblitz-mit-lampenstativ-blitzhalter-lampenfassung-lampenhalterung-schirm-studioschirm-fuer-studio-blitzgeraet-blitz-lampen\/\">Weiterlesen<\/a><\/p>\n","protected":false},"featured_media":5128,"comment_status":"open","ping_status":"closed","template":"","meta":[],"product_cat":[218],"product_tag":[],"class_list":{"0":"post-5127","1":"product","2":"type-product","3":"status-publish","4":"has-post-thumbnail","6":"product_cat-elektronik","8":"first","9":"outofstock","10":"shipping-taxable","11":"purchasable","12":"product-type-simple"},"_links":{"self":[{"href":"https:\/\/personalcity.net\/home\/wp-json\/wp\/v2\/product\/5127","targetHints":{"allow":["GET"]}}],"collection":[{"href":"https:\/\/personalcity.net\/home\/wp-json\/wp\/v2\/product"}],"about":[{"href":"https:\/\/personalcity.net\/home\/wp-json\/wp\/v2\/types\/product"}],"replies":[{"embeddable":true,"href":"https:\/\/personalcity.net\/home\/wp-json\/wp\/v2\/comments?post=5127"}],"wp:featuredmedia":[{"embeddable":true,"href":"https:\/\/personalcity.net\/home\/wp-json\/wp\/v2\/media\/5128"}],"wp:attachment":[{"href":"https:\/\/personalcity.net\/home\/wp-json\/wp\/v2\/media?parent=5127"}],"wp:term":[{"taxonomy":"product_cat","embeddable":true,"href":"https:\/\/personalcity.net\/home\/wp-json\/wp\/v2\/product_cat?post=5127"},{"taxonomy":"product_tag","embeddable":true,"href":"https:\/\/personalcity.net\/home\/wp-json\/wp\/v2\/product_tag?post=5127"}],"curies":[{"name":"wp","href":"https:\/\/api.w.org\/{rel}","templated":true}]}}