{"id":5157,"date":"2024-05-24T11:16:38","date_gmt":"2024-05-24T09:16:38","guid":{"rendered":"http:\/\/personalcity.net\/home\/produkt\/studioblitz-studioset-profi-dynasun-fls80-studioleuchte-synchroblitz-synchronblitzlampe-blitzbirne\/"},"modified":"2025-04-28T15:42:31","modified_gmt":"2025-04-28T13:42:31","slug":"studioblitz-studioset-profi-dynasun-fls80-studioleuchte-synchroblitz-synchronblitzlampe-blitzbirne","status":"publish","type":"product","link":"https:\/\/personalcity.net\/home\/produkt\/studioblitz-studioset-profi-dynasun-fls80-studioleuchte-synchroblitz-synchronblitzlampe-blitzbirne\/","title":{"rendered":"Studioblitz Studioset Profi DynaSun FLS80 Studioleuchte Synchroblitz Synchronblitzlampe + Blitzbirne"},"content":{"rendered":"<p>Studioblitz Studioset Profi DynaSun FLS80 Studioleuchte Synchroblitz +Blitzbirne Beschreibung Das DynaSun FLS80 Studioset ist die perfekte L\u00f6sung f\u00fcr den Studio. Es l\u00e4sst sich ohne Einschr\u00e4nkung f\u00fcrs Fotostudio hervorragend verwenden. Mit dem kompletten Studio-Blitzset FLS80 Sie k\u00f6nnen Ihre Fotostudio vergr\u00f6\u00dfern. Zur Lichtstreuung wird der Reflektorschirm UR02 Weiss eingesetzt mit Durchmesser von 84cm. Die Synchronblitzlampe flash WOF4080 hat eine Blitzleistung von 80W und verf\u00fcgt \u00fcber eine E27 Fassung. Synchronblitzlampe WOF4080 Unser brandneuer DynaSun Studioblitz wurde speziell f\u00fcr die Arbeit in Fotostudio entwickelt. Seine schnelle Nachladezeit, die gro\u00dfe Leuchtkraft und die sichere Farbtemperatur machen diesen Blitz zum Profiger\u00e4t &#8211; technisch sicher, zuverl\u00e4ssig und haltbar. Durch seine \u00fcbersichtlich gestaltete und somit einfach zu bedienende Performance ist er auch f\u00fcr anspruchsvolle Amateure geeignet. Lampenstativ W803 Das sehr stabile Lampenstativ von DynaSun W803 Pro Studio ist f\u00fcr Blitze und Studioleuchten geeignet. Diese sehr stabilen Lampenstative f\u00fcr den professionellen Fotografen eignen sich auch hervorragend f\u00fcr Studioblitze, Tageslichtlampen, Reflektoren oder andere Ger\u00e4te mit einem Eigengewicht von bis zu 2kg. Stativaufsatz Reflexschirmhalter WOF4005 Schwenkbare Universal-Lampenfassung E27, ideal f\u00fcr Studiobeleuchtung, Studioblitz, Tageslichtlampen, Synchronblitzger\u00e4te usw. Die Fassung bietet innen eine Aufnahme und ist au\u00dfen mit hitzebest\u00e4ndigem ABS-Kunststoff ausgestattet. Studioschirm UR02 Weiss Studioschirme sind die wichtigsten Lichtformer im Studio. Die wei\u00dfen Schirme eignen sich als Reflexschirm sowie f\u00fcr Durchlicht und geben ein gleichm\u00e4\u00dfig weiches Licht. Dieser Reflexschirm eignet sich als Durchlichtschirm mit sehr weicher Lichtcharakteristik f\u00fcr alle Anwendungsgebiete.<\/p>\n","protected":false},"excerpt":{"rendered":"<p>Studioblitz Studioset Profi DynaSun FLS80 Studioleuchte Synchroblitz +Blitzbirne Beschreibung Das DynaSun FLS80 Studioset ist die perfekte L\u00f6sung f\u00fcr den Studio. Es l\u00e4sst sich ohne Einschr\u00e4nkung f\u00fcrs Fotostudio hervorragend verwenden. Mit dem kompletten Studio-Blitzset FLS80 Sie k\u00f6nnen Ihre Fotostudio vergr\u00f6\u00dfern. Zur Lichtstreuung wird der Reflektorschirm UR02 Weiss eingesetzt mit Durchmesser von 84cm. Die Synchronblitzlampe flash WOF4080&hellip; <br \/> <a class=\"read-more\" href=\"https:\/\/personalcity.net\/home\/produkt\/studioblitz-studioset-profi-dynasun-fls80-studioleuchte-synchroblitz-synchronblitzlampe-blitzbirne\/\">Weiterlesen<\/a><\/p>\n","protected":false},"featured_media":5158,"comment_status":"open","ping_status":"closed","template":"","meta":[],"product_cat":[218],"product_tag":[],"class_list":{"0":"post-5157","1":"product","2":"type-product","3":"status-publish","4":"has-post-thumbnail","6":"product_cat-elektronik","8":"first","9":"outofstock","10":"shipping-taxable","11":"purchasable","12":"product-type-simple"},"_links":{"self":[{"href":"https:\/\/personalcity.net\/home\/wp-json\/wp\/v2\/product\/5157","targetHints":{"allow":["GET"]}}],"collection":[{"href":"https:\/\/personalcity.net\/home\/wp-json\/wp\/v2\/product"}],"about":[{"href":"https:\/\/personalcity.net\/home\/wp-json\/wp\/v2\/types\/product"}],"replies":[{"embeddable":true,"href":"https:\/\/personalcity.net\/home\/wp-json\/wp\/v2\/comments?post=5157"}],"wp:featuredmedia":[{"embeddable":true,"href":"https:\/\/personalcity.net\/home\/wp-json\/wp\/v2\/media\/5158"}],"wp:attachment":[{"href":"https:\/\/personalcity.net\/home\/wp-json\/wp\/v2\/media?parent=5157"}],"wp:term":[{"taxonomy":"product_cat","embeddable":true,"href":"https:\/\/personalcity.net\/home\/wp-json\/wp\/v2\/product_cat?post=5157"},{"taxonomy":"product_tag","embeddable":true,"href":"https:\/\/personalcity.net\/home\/wp-json\/wp\/v2\/product_tag?post=5157"}],"curies":[{"name":"wp","href":"https:\/\/api.w.org\/{rel}","templated":true}]}}