{"id":5163,"date":"2024-05-24T11:16:41","date_gmt":"2024-05-24T09:16:41","guid":{"rendered":"http:\/\/personalcity.net\/home\/produkt\/synchroblitz-synchronblitzlampe-dynasun-2x-wf4004-80ws-studioblitz-studioleuchte-mit-fotozelle-sync\/"},"modified":"2025-04-28T15:42:31","modified_gmt":"2025-04-28T13:42:31","slug":"synchroblitz-synchronblitzlampe-dynasun-2x-wf4004-80ws-studioblitz-studioleuchte-mit-fotozelle-sync","status":"publish","type":"product","link":"https:\/\/personalcity.net\/home\/produkt\/synchroblitz-synchronblitzlampe-dynasun-2x-wf4004-80ws-studioblitz-studioleuchte-mit-fotozelle-sync\/","title":{"rendered":"Synchroblitz Synchronblitzlampe DynaSun 2x WF4004 80Ws Studioblitz Studioleuchte mit Fotozelle Sync"},"content":{"rendered":"<p>KIT 2x PROFESSIONAL SYNCRO FLASH BLITZLAMPE DYNASUN WOF4004 mit EINGEBAUTE FOTOZELLE Beschreibung Hochwertige Studioblitzger\u00e4te moderner Technologie zu absoluten Kn\u00fcller-Preise! Unser brandneuer DynaSun Studioblitz wurde speziell f\u00fcr die Arbeit in Fotostudio entwickelt. Seine schnelle Nachladezeit, die gro\u00dfe Leuchtkraft und die sichere Farbtemperatur machen diesen Blitz zum Profiger\u00e4t &#8211; technisch sicher, zuverl\u00e4ssig und haltbar. Durch seine \u00fcbersichtlich gestaltete und somit einfach zu bedienende Performance ist er auch f\u00fcr anspruchsvolle Amateure geeignet. Diese Synchronblitzlampe bietet eine preiswerte und leistungsstarke Alternative zu Systemblitzen. Mit einer Blitzleistung von 80Ws kann sie problemlos als Studioblitz eingesetzt werden. Des Weiteren k\u00f6nnen Sie die Lampe als Slave-Blitz verwenden. Er verf\u00fcgt \u00fcber eine abschraubbare Diffusorkalotte, die das Blitzlicht gleichm\u00e4ssig streut. Diese Studioblitz hat schon eine eingebaute Fotozelle! \u00dcber die intergrierte Fotozelle kann er durch einen anderen Blitz (z.B. Kamerablitz) getriggert werden. Das bedeutet, der Blitz l\u00f6st aus, sobald ein anderer Bltz in der Umgebung gez\u00fcndet wird. Lieferumfang * Studioblitz DynaSun WOF4004 80Ws * Synch Cable<\/p>\n","protected":false},"excerpt":{"rendered":"<p>KIT 2x PROFESSIONAL SYNCRO FLASH BLITZLAMPE DYNASUN WOF4004 mit EINGEBAUTE FOTOZELLE Beschreibung Hochwertige Studioblitzger\u00e4te moderner Technologie zu absoluten Kn\u00fcller-Preise! Unser brandneuer DynaSun Studioblitz wurde speziell f\u00fcr die Arbeit in Fotostudio entwickelt. Seine schnelle Nachladezeit, die gro\u00dfe Leuchtkraft und die sichere Farbtemperatur machen diesen Blitz zum Profiger\u00e4t &#8211; technisch sicher, zuverl\u00e4ssig und haltbar. Durch seine \u00fcbersichtlich&hellip; <br \/> <a class=\"read-more\" href=\"https:\/\/personalcity.net\/home\/produkt\/synchroblitz-synchronblitzlampe-dynasun-2x-wf4004-80ws-studioblitz-studioleuchte-mit-fotozelle-sync\/\">Weiterlesen<\/a><\/p>\n","protected":false},"featured_media":5164,"comment_status":"open","ping_status":"closed","template":"","meta":[],"product_cat":[218],"product_tag":[],"class_list":{"0":"post-5163","1":"product","2":"type-product","3":"status-publish","4":"has-post-thumbnail","6":"product_cat-elektronik","8":"first","9":"outofstock","10":"shipping-taxable","11":"purchasable","12":"product-type-simple"},"_links":{"self":[{"href":"https:\/\/personalcity.net\/home\/wp-json\/wp\/v2\/product\/5163","targetHints":{"allow":["GET"]}}],"collection":[{"href":"https:\/\/personalcity.net\/home\/wp-json\/wp\/v2\/product"}],"about":[{"href":"https:\/\/personalcity.net\/home\/wp-json\/wp\/v2\/types\/product"}],"replies":[{"embeddable":true,"href":"https:\/\/personalcity.net\/home\/wp-json\/wp\/v2\/comments?post=5163"}],"wp:featuredmedia":[{"embeddable":true,"href":"https:\/\/personalcity.net\/home\/wp-json\/wp\/v2\/media\/5164"}],"wp:attachment":[{"href":"https:\/\/personalcity.net\/home\/wp-json\/wp\/v2\/media?parent=5163"}],"wp:term":[{"taxonomy":"product_cat","embeddable":true,"href":"https:\/\/personalcity.net\/home\/wp-json\/wp\/v2\/product_cat?post=5163"},{"taxonomy":"product_tag","embeddable":true,"href":"https:\/\/personalcity.net\/home\/wp-json\/wp\/v2\/product_tag?post=5163"}],"curies":[{"name":"wp","href":"https:\/\/api.w.org\/{rel}","templated":true}]}}