{"id":5167,"date":"2024-05-24T11:16:41","date_gmt":"2024-05-24T09:16:41","guid":{"rendered":"http:\/\/personalcity.net\/home\/produkt\/studioblitz-studioset-profi-dynasun-2xsdw80-studioleuchte-synchroblitz-synchronblitzlampe-blitzbirne\/"},"modified":"2025-04-28T15:42:31","modified_gmt":"2025-04-28T13:42:31","slug":"studioblitz-studioset-profi-dynasun-2xsdw80-studioleuchte-synchroblitz-synchronblitzlampe-blitzbirne","status":"publish","type":"product","link":"https:\/\/personalcity.net\/home\/produkt\/studioblitz-studioset-profi-dynasun-2xsdw80-studioleuchte-synchroblitz-synchronblitzlampe-blitzbirne\/","title":{"rendered":"Studioblitz Studioset Profi DynaSun 2xSDW80 Studioleuchte Synchroblitz Synchronblitzlampe Blitzbirne"},"content":{"rendered":"<p>KIT 2x STUDIO SET PHOTO VIDEO LIGHT STAND DYNASUN KIT SDW80 mit Lampenstativ, Synchronblitzlampe, Synchronkabel, Studio Schirm f\u00fcr Blitze\/Lampen Beschreibung Das DynaSun SDW80 Studioset ist die perfekte L\u00f6sung f\u00fcr den Studio. Es l\u00e4sst sich ohne Einschr\u00e4nkung f\u00fcrs Fotostudio hervorragend verwenden. Mit dem kompletten Studio-Blitzset SDW80 Sie k\u00f6nnen Ihre Fotostudio vergr\u00f6\u00dfern. Zur Lichtstreuung wird der Reflektorschirm UR02 Weiss eingesetzt mit Durchmesser von 84cm. Die Synchronblitzlampe flash WOF4004 hat eine Blitzleistung von 80W und verf\u00fcgt \u00fcber eine E27 Fassung. Mitgeliefert wird ein Synchronkabel, welches \u00fcber einen passenden Anschluss an Kameras mit Blitzsynchronbuchse verf\u00fcgt. DynaSun W803 ist ein leichtes Aluminium Lampenstativ mit praktischen Schnellspannhebeln. Die maximale H\u00f6he betr\u00e4gt 2,20 m und der Rohrdurchmesser betr\u00e4gt 23,5 mm. Optimal zur Beleuchtung der Platte eines Aufnahmetisches, ideal als Hintergrundlicht und als Effektlicht geeignet Lieferumfang * Synchronblitzlampe DynaSun WOF4004 * Lampenstativ DynaSun W803 * Reflexschirm DynaSun UR02 Weiss * Synchronkabel DynaSun WOS4011 * Rei\u00dfverschlu\u00dfstofftasche<\/p>\n","protected":false},"excerpt":{"rendered":"<p>KIT 2x STUDIO SET PHOTO VIDEO LIGHT STAND DYNASUN KIT SDW80 mit Lampenstativ, Synchronblitzlampe, Synchronkabel, Studio Schirm f\u00fcr Blitze\/Lampen Beschreibung Das DynaSun SDW80 Studioset ist die perfekte L\u00f6sung f\u00fcr den Studio. Es l\u00e4sst sich ohne Einschr\u00e4nkung f\u00fcrs Fotostudio hervorragend verwenden. Mit dem kompletten Studio-Blitzset SDW80 Sie k\u00f6nnen Ihre Fotostudio vergr\u00f6\u00dfern. Zur Lichtstreuung wird der Reflektorschirm&hellip; <br \/> <a class=\"read-more\" href=\"https:\/\/personalcity.net\/home\/produkt\/studioblitz-studioset-profi-dynasun-2xsdw80-studioleuchte-synchroblitz-synchronblitzlampe-blitzbirne\/\">Weiterlesen<\/a><\/p>\n","protected":false},"featured_media":5168,"comment_status":"open","ping_status":"closed","template":"","meta":[],"product_cat":[218],"product_tag":[],"class_list":{"0":"post-5167","1":"product","2":"type-product","3":"status-publish","4":"has-post-thumbnail","6":"product_cat-elektronik","8":"first","9":"outofstock","10":"shipping-taxable","11":"purchasable","12":"product-type-simple"},"_links":{"self":[{"href":"https:\/\/personalcity.net\/home\/wp-json\/wp\/v2\/product\/5167","targetHints":{"allow":["GET"]}}],"collection":[{"href":"https:\/\/personalcity.net\/home\/wp-json\/wp\/v2\/product"}],"about":[{"href":"https:\/\/personalcity.net\/home\/wp-json\/wp\/v2\/types\/product"}],"replies":[{"embeddable":true,"href":"https:\/\/personalcity.net\/home\/wp-json\/wp\/v2\/comments?post=5167"}],"wp:featuredmedia":[{"embeddable":true,"href":"https:\/\/personalcity.net\/home\/wp-json\/wp\/v2\/media\/5168"}],"wp:attachment":[{"href":"https:\/\/personalcity.net\/home\/wp-json\/wp\/v2\/media?parent=5167"}],"wp:term":[{"taxonomy":"product_cat","embeddable":true,"href":"https:\/\/personalcity.net\/home\/wp-json\/wp\/v2\/product_cat?post=5167"},{"taxonomy":"product_tag","embeddable":true,"href":"https:\/\/personalcity.net\/home\/wp-json\/wp\/v2\/product_tag?post=5167"}],"curies":[{"name":"wp","href":"https:\/\/api.w.org\/{rel}","templated":true}]}}