{"id":5169,"date":"2024-05-24T11:16:42","date_gmt":"2024-05-24T09:16:42","guid":{"rendered":"http:\/\/personalcity.net\/home\/produkt\/dynasun-s167a-selfie-stange-arm-stick-verlaengerungsarm-einbeinstativ-teleskop-stab-mit-knopf-kabel-fuer-ios-android-handy-monopod-smartphone\/"},"modified":"2025-04-28T15:42:31","modified_gmt":"2025-04-28T13:42:31","slug":"dynasun-s167a-selfie-stange-arm-stick-verlaengerungsarm-einbeinstativ-teleskop-stab-mit-knopf-kabel-fuer-ios-android-handy-monopod-smartphone","status":"publish","type":"product","link":"https:\/\/personalcity.net\/home\/produkt\/dynasun-s167a-selfie-stange-arm-stick-verlaengerungsarm-einbeinstativ-teleskop-stab-mit-knopf-kabel-fuer-ios-android-handy-monopod-smartphone\/","title":{"rendered":"DynaSun S167A Selfie Stange Arm Stick Verl\u00e4ngerungsarm Einbeinstativ Teleskop Stab mit Knopf Kabel f\u00fcr IOS Android Handy Monopod Smartphone"},"content":{"rendered":"<p>Selfie Stange Arm Stick Verl\u00e4ngerungsarm Einbeinstativ Teleskop\u00a0Stab DynaSun S167A mit Knopf Kabel f\u00fcr IOS Android Handy Monopod Smartphone Beschreibung Selfie ist so IN und COOL. Unser neuestes Produkt DynaSun S167A ist so klein und so leicht. Es l\u00e4sst sich \u00fcberall mitnehmen, in der Tasche, im Rucksack, einfach genial. Damit k\u00f6nnen Sie sich \u00fcberall und in jedem Moment fotografieren. Halten Sie die sch\u00f6nsten Momente Ihres Lebens fest, mit unserem DynaSun S167A. Nutzen Sie dieses Stativ, um Fotos oder Videos von sich selbst und Ihren Bekannten zu machen. Genie\u00dfen und Festhalten ist das Motto von unserer Selfie DynaSun S167A. Verpassen Sie es nicht! Technische Daten * Durch den Selbstausl\u00f6ser werden Selfie und Gruppenfotos Machen einfacher denn je!!! * Plug&#038;Play * Kein Batterie, Kein Bluetooth, Kein Wlan notwendig * Einfache Funktion durch Klinkenstecker * Einbeinstativ mit verstellbarem Stange zum Selfie * Leicht, kompakt, leicht zu tragen * Einfache Montage * Tragkraft von ca. 500g * L\u00e4nge zusammengeschoben des Teleskoparm: nur 25cm * L\u00e4nge Teleskoparm mit Adapter: 107cm * Perfekt geeignet f\u00fcr Unterwegs wie z. B. im Urlaub, auf Festivals oder Partys * Universal-Adapter f\u00fcr Smarphone mit einer Breite zwischen 5,50cm und 9,00cm * F\u00fcr Android und IOS * Ideal f\u00fcr unterwegs * Perfekte Bedienung * Top-Qualit\u00e4t * Integrierter Knopf * Kein Bluetooth, kein Aufladen der Stange, einfach den Klinkenstecker anschlie\u00dfen und sofort Fotos schie\u00dfen. Kompatibilit\u00e4t: Apple iPhone 6 Plus, 6, 3G, 3GS, 4, 4s, 5, 5c, 5s Samsung Galaxy Note, Note II, S II, S III, S 4, S 5 S 6 S 7 HTC One, OnePlus One Sony Xperia L, M Amazon Fire Phone Lieferumfang * Einbeinstativ Selfie DynaSun S167A<\/p>\n","protected":false},"excerpt":{"rendered":"<p>Selfie Stange Arm Stick Verl\u00e4ngerungsarm Einbeinstativ Teleskop\u00a0Stab DynaSun S167A mit Knopf Kabel f\u00fcr IOS Android Handy Monopod Smartphone Beschreibung Selfie ist so IN und COOL. Unser neuestes Produkt DynaSun S167A ist so klein und so leicht. Es l\u00e4sst sich \u00fcberall mitnehmen, in der Tasche, im Rucksack, einfach genial. Damit k\u00f6nnen Sie sich \u00fcberall und in&hellip; <br \/> <a class=\"read-more\" href=\"https:\/\/personalcity.net\/home\/produkt\/dynasun-s167a-selfie-stange-arm-stick-verlaengerungsarm-einbeinstativ-teleskop-stab-mit-knopf-kabel-fuer-ios-android-handy-monopod-smartphone\/\">Weiterlesen<\/a><\/p>\n","protected":false},"featured_media":5170,"comment_status":"open","ping_status":"closed","template":"","meta":[],"product_cat":[218],"product_tag":[],"class_list":{"0":"post-5169","1":"product","2":"type-product","3":"status-publish","4":"has-post-thumbnail","6":"product_cat-elektronik","8":"first","9":"outofstock","10":"shipping-taxable","11":"purchasable","12":"product-type-simple"},"_links":{"self":[{"href":"https:\/\/personalcity.net\/home\/wp-json\/wp\/v2\/product\/5169","targetHints":{"allow":["GET"]}}],"collection":[{"href":"https:\/\/personalcity.net\/home\/wp-json\/wp\/v2\/product"}],"about":[{"href":"https:\/\/personalcity.net\/home\/wp-json\/wp\/v2\/types\/product"}],"replies":[{"embeddable":true,"href":"https:\/\/personalcity.net\/home\/wp-json\/wp\/v2\/comments?post=5169"}],"wp:featuredmedia":[{"embeddable":true,"href":"https:\/\/personalcity.net\/home\/wp-json\/wp\/v2\/media\/5170"}],"wp:attachment":[{"href":"https:\/\/personalcity.net\/home\/wp-json\/wp\/v2\/media?parent=5169"}],"wp:term":[{"taxonomy":"product_cat","embeddable":true,"href":"https:\/\/personalcity.net\/home\/wp-json\/wp\/v2\/product_cat?post=5169"},{"taxonomy":"product_tag","embeddable":true,"href":"https:\/\/personalcity.net\/home\/wp-json\/wp\/v2\/product_tag?post=5169"}],"curies":[{"name":"wp","href":"https:\/\/api.w.org\/{rel}","templated":true}]}}