{"id":5177,"date":"2024-05-24T11:16:45","date_gmt":"2024-05-24T09:16:45","guid":{"rendered":"http:\/\/personalcity.net\/home\/produkt\/dynasun-kit-2x-w963s-studio-set-foto-video-licht-lampenstativ-mit-lampenfassung-lampenhalterung-reflexschirmhalter-schirm-reflexschirm-fuer-blitze-lampen\/"},"modified":"2025-04-28T15:42:30","modified_gmt":"2025-04-28T13:42:30","slug":"dynasun-kit-2x-w963s-studio-set-foto-video-licht-lampenstativ-mit-lampenfassung-lampenhalterung-reflexschirmhalter-schirm-reflexschirm-fuer-blitze-lampen","status":"publish","type":"product","link":"https:\/\/personalcity.net\/home\/produkt\/dynasun-kit-2x-w963s-studio-set-foto-video-licht-lampenstativ-mit-lampenfassung-lampenhalterung-reflexschirmhalter-schirm-reflexschirm-fuer-blitze-lampen\/","title":{"rendered":"DynaSun Kit 2x W963S Studio Set Foto Video Licht Lampenstativ mit Lampenfassung Lampenhalterung Reflexschirmhalter, Schirm Reflexschirm f\u00fcr Blitze Lampen"},"content":{"rendered":"<p>STUDIO SET PHOTO VIDEO LIGHT STAND DYNASUN 2x W963S LAMPENSTATIV mit REFLEXSCHIRM REFLEXSCHIRMHALTER f\u00fcr BLITZE\/LAMPEN Beschreibung Unser Studioset DynaSun W968S wird nach dem kompromisslosen Standard hergestellt. Zu unserem Adapter passen die meisten Blitzger\u00e4te und Lampen mit Fassung E27. Der Adapter erlaubt Ihnen, einen Studioblitz wie ein Studior\u00f6hrenblitz oder ein Standardblitz mit Fassung E27 zu benutzen. Dazu bietet er noch die M\u00f6glichkeit, einen Regenschirm anzubringen. Sie k\u00f6nnen den Winkel des Regenschirmes und des Studioblitze beliebig einstellen. Dieses Set kann mit einem reflektierenden oder lichtdurchl\u00e4ssigen Reflektorset kombiniert werden. Es ist ideal f\u00fcr Studio oder Au\u00dfentermin, wo Beweglichkeit und einfache Einstellung notwendig sind. Es l\u00e4sst sich ohne Einschr\u00e4nkung f\u00fcrs Fotostudio hervorragend verwenden. Lieferumfang * 2x Lampenstativ DynaSun W803 * 2x Reflexschirmhalter DynaSun WOF4005 * 2x Reflexschirm DynaSun UR02 Weiss * 2x Rei\u00dfverschlu\u00dfstofftasche<\/p>\n","protected":false},"excerpt":{"rendered":"<p>STUDIO SET PHOTO VIDEO LIGHT STAND DYNASUN 2x W963S LAMPENSTATIV mit REFLEXSCHIRM REFLEXSCHIRMHALTER f\u00fcr BLITZE\/LAMPEN Beschreibung Unser Studioset DynaSun W968S wird nach dem kompromisslosen Standard hergestellt. Zu unserem Adapter passen die meisten Blitzger\u00e4te und Lampen mit Fassung E27. Der Adapter erlaubt Ihnen, einen Studioblitz wie ein Studior\u00f6hrenblitz oder ein Standardblitz mit Fassung E27 zu benutzen.&hellip; <br \/> <a class=\"read-more\" href=\"https:\/\/personalcity.net\/home\/produkt\/dynasun-kit-2x-w963s-studio-set-foto-video-licht-lampenstativ-mit-lampenfassung-lampenhalterung-reflexschirmhalter-schirm-reflexschirm-fuer-blitze-lampen\/\">Weiterlesen<\/a><\/p>\n","protected":false},"featured_media":5178,"comment_status":"open","ping_status":"closed","template":"","meta":[],"product_cat":[218],"product_tag":[],"class_list":{"0":"post-5177","1":"product","2":"type-product","3":"status-publish","4":"has-post-thumbnail","6":"product_cat-elektronik","8":"first","9":"outofstock","10":"shipping-taxable","11":"purchasable","12":"product-type-simple"},"_links":{"self":[{"href":"https:\/\/personalcity.net\/home\/wp-json\/wp\/v2\/product\/5177","targetHints":{"allow":["GET"]}}],"collection":[{"href":"https:\/\/personalcity.net\/home\/wp-json\/wp\/v2\/product"}],"about":[{"href":"https:\/\/personalcity.net\/home\/wp-json\/wp\/v2\/types\/product"}],"replies":[{"embeddable":true,"href":"https:\/\/personalcity.net\/home\/wp-json\/wp\/v2\/comments?post=5177"}],"wp:featuredmedia":[{"embeddable":true,"href":"https:\/\/personalcity.net\/home\/wp-json\/wp\/v2\/media\/5178"}],"wp:attachment":[{"href":"https:\/\/personalcity.net\/home\/wp-json\/wp\/v2\/media?parent=5177"}],"wp:term":[{"taxonomy":"product_cat","embeddable":true,"href":"https:\/\/personalcity.net\/home\/wp-json\/wp\/v2\/product_cat?post=5177"},{"taxonomy":"product_tag","embeddable":true,"href":"https:\/\/personalcity.net\/home\/wp-json\/wp\/v2\/product_tag?post=5177"}],"curies":[{"name":"wp","href":"https:\/\/api.w.org\/{rel}","templated":true}]}}