{"id":5179,"date":"2024-05-24T11:16:46","date_gmt":"2024-05-24T09:16:46","guid":{"rendered":"http:\/\/personalcity.net\/home\/produkt\/dynasun-w969xxl-studio-set-foto-video-licht-lampenstativ-mit-lampenfassung-lampenhalterung-reflexschirmhalter-und-3x-schirm-weiss-silber-gold-schwarz-fuer-blitze-lampen\/"},"modified":"2025-04-28T15:42:30","modified_gmt":"2025-04-28T13:42:30","slug":"dynasun-w969xxl-studio-set-foto-video-licht-lampenstativ-mit-lampenfassung-lampenhalterung-reflexschirmhalter-und-3x-schirm-weiss-silber-gold-schwarz-fuer-blitze-lampen","status":"publish","type":"product","link":"https:\/\/personalcity.net\/home\/produkt\/dynasun-w969xxl-studio-set-foto-video-licht-lampenstativ-mit-lampenfassung-lampenhalterung-reflexschirmhalter-und-3x-schirm-weiss-silber-gold-schwarz-fuer-blitze-lampen\/","title":{"rendered":"DynaSun W969XXL Studio Set Foto Video Licht Lampenstativ mit Lampenfassung Lampenhalterung Reflexschirmhalter und 3x Schirm Weiss Silber Gold\/Schwarz f\u00fcr Blitze Lampen"},"content":{"rendered":"<p>DynaSun W969XXL Studio Set Foto Video Licht Lampenstativ mit Lampenfassung Lampenhalterung Reflexschirmhalter und 3x Schirm Weiss Silber Gold\/Schwarz f\u00fcr Blitze Lampen Beschreibung Unser Studioset DynaSun W969 wird nach dem kompromisslosen Standard hergestellt. Zu unserem Adapter passen die meisten Blitzger\u00e4te und Lampen mit Fassung E27. Der Adapter erlaubt Ihnen, einen Studioblitz wie ein Studior\u00f6hrenblitz oder ein Standardblitz mit Fassung E27 zu benutzen. Dazu bietet er noch die M\u00f6glichkeit, einen Regenschirm anzubringen. Sie k\u00f6nnen den Winkel des Regenschirmes und des Studioblitze beliebig einstellen. Dieses Set kann mit Drei reflektierenden oder lichtdurchl\u00e4ssigen Reflektorset kombiniert werden. Es ist ideal f\u00fcr Studio oder Au\u00dfentermin, wo Beweglichkeit und einfache Einstellung notwendig sind. Es l\u00e4sst sich ohne Einschr\u00e4nkung f\u00fcrs Fotostudio hervorragend verwenden. Lampenstativ W803 Das sehr stabile Lampenstativ von DynaSun W803 Pro Studio ist f\u00fcr Blitze und Studioleuchten geeignet. Diese sehr stabilen Lampenstative f\u00fcr den professionellen Fotografen eignen sich auch hervorragend f\u00fcr Studioblitze, Tageslichtlampen, Reflektoren oder andere Ger\u00e4te mit einem Eigengewicht von bis zu 2kg. Das sehr gut verarbeitete Stativ ist mit 955g portabel und flexibel einsetzbar. Mit dem Standard-Spigot Anschlu\u00df 5\/8&#8243; ist das DynaSun W803 f\u00fcr alle \u00fcblichen Studioleuchten und Studioblitze geeignet. Stativaufsatz Reflexschirmhalter WOF4005 Schwenkbare Universal-Lampenfassung E27, ideal f\u00fcr Studiobeleuchtung, Studioblitz, Tageslichtlampen, Synchronblitzger\u00e4te usw. Die Fassung bietet innen eine Aufnahme und ist au\u00dfen mit hitzebest\u00e4ndigem ABS-Kunststoff ausgestattet. Auf der R\u00fcckseite befindet sich ein Ein-\/Ausschalter. Eine Aufnahme f\u00fcr Reflexschirm ist ebenfalls vorhanden. Studioschirm UR02 Weiss Studioschirm Gold\/Schwarz Studioschirm Silber<\/p>\n","protected":false},"excerpt":{"rendered":"<p>DynaSun W969XXL Studio Set Foto Video Licht Lampenstativ mit Lampenfassung Lampenhalterung Reflexschirmhalter und 3x Schirm Weiss Silber Gold\/Schwarz f\u00fcr Blitze Lampen Beschreibung Unser Studioset DynaSun W969 wird nach dem kompromisslosen Standard hergestellt. Zu unserem Adapter passen die meisten Blitzger\u00e4te und Lampen mit Fassung E27. Der Adapter erlaubt Ihnen, einen Studioblitz wie ein Studior\u00f6hrenblitz oder ein&hellip; <br \/> <a class=\"read-more\" href=\"https:\/\/personalcity.net\/home\/produkt\/dynasun-w969xxl-studio-set-foto-video-licht-lampenstativ-mit-lampenfassung-lampenhalterung-reflexschirmhalter-und-3x-schirm-weiss-silber-gold-schwarz-fuer-blitze-lampen\/\">Weiterlesen<\/a><\/p>\n","protected":false},"featured_media":5180,"comment_status":"open","ping_status":"closed","template":"","meta":[],"product_cat":[218],"product_tag":[],"class_list":{"0":"post-5179","1":"product","2":"type-product","3":"status-publish","4":"has-post-thumbnail","6":"product_cat-elektronik","8":"first","9":"outofstock","10":"shipping-taxable","11":"purchasable","12":"product-type-simple"},"_links":{"self":[{"href":"https:\/\/personalcity.net\/home\/wp-json\/wp\/v2\/product\/5179","targetHints":{"allow":["GET"]}}],"collection":[{"href":"https:\/\/personalcity.net\/home\/wp-json\/wp\/v2\/product"}],"about":[{"href":"https:\/\/personalcity.net\/home\/wp-json\/wp\/v2\/types\/product"}],"replies":[{"embeddable":true,"href":"https:\/\/personalcity.net\/home\/wp-json\/wp\/v2\/comments?post=5179"}],"wp:featuredmedia":[{"embeddable":true,"href":"https:\/\/personalcity.net\/home\/wp-json\/wp\/v2\/media\/5180"}],"wp:attachment":[{"href":"https:\/\/personalcity.net\/home\/wp-json\/wp\/v2\/media?parent=5179"}],"wp:term":[{"taxonomy":"product_cat","embeddable":true,"href":"https:\/\/personalcity.net\/home\/wp-json\/wp\/v2\/product_cat?post=5179"},{"taxonomy":"product_tag","embeddable":true,"href":"https:\/\/personalcity.net\/home\/wp-json\/wp\/v2\/product_tag?post=5179"}],"curies":[{"name":"wp","href":"https:\/\/api.w.org\/{rel}","templated":true}]}}