{"id":5181,"date":"2024-05-24T11:16:46","date_gmt":"2024-05-24T09:16:46","guid":{"rendered":"http:\/\/personalcity.net\/home\/produkt\/dynasun-mm2-2in1-e27-stativaufsatz-doppel-lampenfassung-lampenhalterung-lampenhalter-inkl-halterung-schirmhalter-fuer-studio-foto-video\/"},"modified":"2025-04-28T15:42:30","modified_gmt":"2025-04-28T13:42:30","slug":"dynasun-mm2-2in1-e27-stativaufsatz-doppel-lampenfassung-lampenhalterung-lampenhalter-inkl-halterung-schirmhalter-fuer-studio-foto-video","status":"publish","type":"product","link":"https:\/\/personalcity.net\/home\/produkt\/dynasun-mm2-2in1-e27-stativaufsatz-doppel-lampenfassung-lampenhalterung-lampenhalter-inkl-halterung-schirmhalter-fuer-studio-foto-video\/","title":{"rendered":"DynaSun MM2 2in1 E27 Stativaufsatz doppel Lampenfassung Lampenhalterung Lampenhalter inkl. Halterung Schirmhalter f\u00fcr Studio Foto Video"},"content":{"rendered":"<p>STATIVAUFSATZ DOPPEL LAMPENFASSUNG DYNASUN MM2 2in1 E27 PRO FOTO STUDIO Studiolampe f\u00fcr Synchronblitze, Spirallampen, &#8230; Beschreibung Sie haben ab sofort die M\u00f6glichkeit, 2 Synchronblitze zu bedienen. Unser Reflexschrimhalter ist anwendbar mit allen Synchronblitzlampen und Spirallampen mit Fassung E27, max. 250Watt. Die Halterung ist durch ihre 360\u00b0 Drehbarkeit und 180\u00b0 Schwenkbarkeit \u00e4u\u00dferst flexibel. Sie k\u00f6nnen den Schalter f\u00fcr An- und Aus leicht bedienen.<\/p>\n","protected":false},"excerpt":{"rendered":"<p>STATIVAUFSATZ DOPPEL LAMPENFASSUNG DYNASUN MM2 2in1 E27 PRO FOTO STUDIO Studiolampe f\u00fcr Synchronblitze, Spirallampen, &#8230; Beschreibung Sie haben ab sofort die M\u00f6glichkeit, 2 Synchronblitze zu bedienen. Unser Reflexschrimhalter ist anwendbar mit allen Synchronblitzlampen und Spirallampen mit Fassung E27, max. 250Watt. Die Halterung ist durch ihre 360\u00b0 Drehbarkeit und 180\u00b0 Schwenkbarkeit \u00e4u\u00dferst flexibel. Sie k\u00f6nnen den&hellip; <br \/> <a class=\"read-more\" href=\"https:\/\/personalcity.net\/home\/produkt\/dynasun-mm2-2in1-e27-stativaufsatz-doppel-lampenfassung-lampenhalterung-lampenhalter-inkl-halterung-schirmhalter-fuer-studio-foto-video\/\">Weiterlesen<\/a><\/p>\n","protected":false},"featured_media":5182,"comment_status":"open","ping_status":"closed","template":"","meta":[],"product_cat":[218],"product_tag":[],"class_list":{"0":"post-5181","1":"product","2":"type-product","3":"status-publish","4":"has-post-thumbnail","6":"product_cat-elektronik","8":"first","9":"outofstock","10":"shipping-taxable","11":"purchasable","12":"product-type-simple"},"_links":{"self":[{"href":"https:\/\/personalcity.net\/home\/wp-json\/wp\/v2\/product\/5181","targetHints":{"allow":["GET"]}}],"collection":[{"href":"https:\/\/personalcity.net\/home\/wp-json\/wp\/v2\/product"}],"about":[{"href":"https:\/\/personalcity.net\/home\/wp-json\/wp\/v2\/types\/product"}],"replies":[{"embeddable":true,"href":"https:\/\/personalcity.net\/home\/wp-json\/wp\/v2\/comments?post=5181"}],"wp:featuredmedia":[{"embeddable":true,"href":"https:\/\/personalcity.net\/home\/wp-json\/wp\/v2\/media\/5182"}],"wp:attachment":[{"href":"https:\/\/personalcity.net\/home\/wp-json\/wp\/v2\/media?parent=5181"}],"wp:term":[{"taxonomy":"product_cat","embeddable":true,"href":"https:\/\/personalcity.net\/home\/wp-json\/wp\/v2\/product_cat?post=5181"},{"taxonomy":"product_tag","embeddable":true,"href":"https:\/\/personalcity.net\/home\/wp-json\/wp\/v2\/product_tag?post=5181"}],"curies":[{"name":"wp","href":"https:\/\/api.w.org\/{rel}","templated":true}]}}