{"id":5189,"date":"2024-05-24T11:16:51","date_gmt":"2024-05-24T09:16:51","guid":{"rendered":"http:\/\/personalcity.net\/home\/produkt\/dynasun-dj800-800w-profi-halogen-videoleuchte-quartz-filmleuchte-studioleuchte-redhead-dimmbar-quarz-m-abschirmklappen-fuer-video-und-fotostudio\/"},"modified":"2025-04-28T15:42:30","modified_gmt":"2025-04-28T13:42:30","slug":"dynasun-dj800-800w-profi-halogen-videoleuchte-quartz-filmleuchte-studioleuchte-redhead-dimmbar-quarz-m-abschirmklappen-fuer-video-und-fotostudio","status":"publish","type":"product","link":"https:\/\/personalcity.net\/home\/produkt\/dynasun-dj800-800w-profi-halogen-videoleuchte-quartz-filmleuchte-studioleuchte-redhead-dimmbar-quarz-m-abschirmklappen-fuer-video-und-fotostudio\/","title":{"rendered":"DynaSun DJ800 800W Profi Halogen Videoleuchte Quartz Filmleuchte Studioleuchte Redhead dimmbar Quarz m. Abschirmklappen f\u00fcr Video- und Fotostudio"},"content":{"rendered":"<p>Halogen Videoleuchte Quartz Filmleuchte Profi DynaSun DJ800 800W Redhead dimmbar Quarz m. Abschirmklappen f\u00fcr Video- Film- und Fotostudio Beschreibung Unsere professionelle DynaSun DJ800 800w Studio Lampe mit Quartzlight Licht, ist eine sehr gute L\u00f6sung als Dauerlicht-L\u00f6sung f\u00fcr Videoaufnahmen, Bildaufnahmen oder andere Arbeiten im Fotografiebereich. Das sehr robuste Metallgeh\u00e4use ist sauber verarbeitet und qualitativ hochwertig ausgef\u00fchrt. Der ergonomisch geformte Griff an der R\u00fcckseite der Studioleuchte bietet sicheres und einfaches Handling. Unsere professionelle DynaSun DJ800 800w light erm\u00f6glicht Ihnen alle Arten von Licht, die Sie beim fotografieren als Profi brauchen. Mit einer Dauerlicht-L\u00f6sung macht man den komplizierten Flash mit Sync Kabel v\u00f6llig \u00fcberfl\u00fcssig. Damit k\u00f6nnen Sie ganz genau planen, wie Sie das beste Lichtverh\u00e4ltnis bekommen k\u00f6nnen. Die Ver\u00e4nderung der Leuchtst\u00e4rke wird \u00fcber einen Drehregler vorgenommen. Zum Auswechseln des Leuchtmittels wird die alte Lampe einfach aus der Steckfassung gezogen und die neue Lampe eingesetzt Dank Spigot-Aufnahme passt die Studioleuchte DJ800 auf fast alle handels\u00fcblichen Lampenstative. Unsere DynaSun DJ800 800w Studio Lampe ist empfehlenswert f\u00fcr Video, Fotoshooting und TV-Aufnahmen. Sie haben nie mehr ungen\u00fcgende Lichtverh\u00e4ltnisse.<\/p>\n","protected":false},"excerpt":{"rendered":"<p>Halogen Videoleuchte Quartz Filmleuchte Profi DynaSun DJ800 800W Redhead dimmbar Quarz m. Abschirmklappen f\u00fcr Video- Film- und Fotostudio Beschreibung Unsere professionelle DynaSun DJ800 800w Studio Lampe mit Quartzlight Licht, ist eine sehr gute L\u00f6sung als Dauerlicht-L\u00f6sung f\u00fcr Videoaufnahmen, Bildaufnahmen oder andere Arbeiten im Fotografiebereich. Das sehr robuste Metallgeh\u00e4use ist sauber verarbeitet und qualitativ hochwertig ausgef\u00fchrt.&hellip; <br \/> <a class=\"read-more\" href=\"https:\/\/personalcity.net\/home\/produkt\/dynasun-dj800-800w-profi-halogen-videoleuchte-quartz-filmleuchte-studioleuchte-redhead-dimmbar-quarz-m-abschirmklappen-fuer-video-und-fotostudio\/\">Weiterlesen<\/a><\/p>\n","protected":false},"featured_media":5190,"comment_status":"open","ping_status":"closed","template":"","meta":[],"product_cat":[218],"product_tag":[],"class_list":{"0":"post-5189","1":"product","2":"type-product","3":"status-publish","4":"has-post-thumbnail","6":"product_cat-elektronik","8":"first","9":"outofstock","10":"shipping-taxable","11":"purchasable","12":"product-type-simple"},"_links":{"self":[{"href":"https:\/\/personalcity.net\/home\/wp-json\/wp\/v2\/product\/5189","targetHints":{"allow":["GET"]}}],"collection":[{"href":"https:\/\/personalcity.net\/home\/wp-json\/wp\/v2\/product"}],"about":[{"href":"https:\/\/personalcity.net\/home\/wp-json\/wp\/v2\/types\/product"}],"replies":[{"embeddable":true,"href":"https:\/\/personalcity.net\/home\/wp-json\/wp\/v2\/comments?post=5189"}],"wp:featuredmedia":[{"embeddable":true,"href":"https:\/\/personalcity.net\/home\/wp-json\/wp\/v2\/media\/5190"}],"wp:attachment":[{"href":"https:\/\/personalcity.net\/home\/wp-json\/wp\/v2\/media?parent=5189"}],"wp:term":[{"taxonomy":"product_cat","embeddable":true,"href":"https:\/\/personalcity.net\/home\/wp-json\/wp\/v2\/product_cat?post=5189"},{"taxonomy":"product_tag","embeddable":true,"href":"https:\/\/personalcity.net\/home\/wp-json\/wp\/v2\/product_tag?post=5189"}],"curies":[{"name":"wp","href":"https:\/\/api.w.org\/{rel}","templated":true}]}}