{"id":5199,"date":"2024-05-24T11:16:55","date_gmt":"2024-05-24T09:16:55","guid":{"rendered":"http:\/\/personalcity.net\/home\/produkt\/synchroblitz-synchronblitzlampe-dynasun-2x-wf4001-45ws-studioblitz-studioleuchte-mit-fotozelle-sync\/"},"modified":"2025-04-28T15:42:08","modified_gmt":"2025-04-28T13:42:08","slug":"synchroblitz-synchronblitzlampe-dynasun-2x-wf4001-45ws-studioblitz-studioleuchte-mit-fotozelle-sync","status":"publish","type":"product","link":"https:\/\/personalcity.net\/home\/produkt\/synchroblitz-synchronblitzlampe-dynasun-2x-wf4001-45ws-studioblitz-studioleuchte-mit-fotozelle-sync\/","title":{"rendered":"Synchroblitz Synchronblitzlampe DynaSun 2x WF4001 45Ws Studioblitz Studioleuchte mit Fotozelle Sync"},"content":{"rendered":"<p>Kit 2x PROFESSIONAL SYNCRO FLASH BLITZLAMPE DYNASUN 2x WOF4001 mit EINGEBAUTE FOTOZELLE Beschreibung Unser brandneuer DynaSun Studioblitz wurde speziell f\u00fcr die Arbeit in Fotostudio entwickelt. Seine schnelle Nachladezeit, die gro\u00dfe Leuchtkraft und die sichere Farbtemperatur machen diesen Blitz zum Profiger\u00e4t &#8211; technisch sicher, zuverl\u00e4ssig und haltbar. Durch seine \u00fcbersichtlich gestaltete und somit einfach zu bedienende Performance ist er auch f\u00fcr anspruchsvolle Amateure geeignet. Diese Synchronblitzlampe bietet eine preiswerte und leistungsstarke Alternative zu Systemblitzen. Mit einer Blitzleistung von 45Ws kann sie problemlos als Studioblitz eingesetzt werden. Des Weiteren k\u00f6nnen Sie die Lampe als Slave-Blitz verwenden. Er verf\u00fcgt \u00fcber eine abschraubbare Diffusorkalotte, die das Blitzlicht gleichm\u00e4ssig streut. Diese Studioblitz hat schon eine eingebaute Fotozelle! \u00dcber die intergrierte Fotozelle kann er durch einen anderen Blitz (z.B. Kamerablitz) getriggert werden. Das bedeutet, der Blitz l\u00f6st aus, sobald ein anderer Bltz in der Umgebung gez\u00fcndet wird. Technische Daten * Blitzleistung: 45WS Studio Flash \/ Leitzahl 28 * Sehr preiswertes Blitzger\u00e4t * Sehr leichte Handhabung * Als Slave-Blitz einsetzbar &#8211; mit Synchronkabel * Slave-Betrieb m\u00f6glich (optisch oder mit Synchronkabel) * Farbtemperatur 5500-5600k * Flash Duration 1\/1000S * Keine Batterien notwendig * Leichte Installation * Power AC220V 50Hz * Testausl\u00f6seknopf, Fotozelle, Buchse f\u00fcr Synchronkabel * Hohe Ausl\u00f6seempfindlichkeit Lieferumfang * 2x Studioblitz DynaSun WOF4001 45Ws E27 * 2x Synch Cable<\/p>\n","protected":false},"excerpt":{"rendered":"<p>Kit 2x PROFESSIONAL SYNCRO FLASH BLITZLAMPE DYNASUN 2x WOF4001 mit EINGEBAUTE FOTOZELLE Beschreibung Unser brandneuer DynaSun Studioblitz wurde speziell f\u00fcr die Arbeit in Fotostudio entwickelt. Seine schnelle Nachladezeit, die gro\u00dfe Leuchtkraft und die sichere Farbtemperatur machen diesen Blitz zum Profiger\u00e4t &#8211; technisch sicher, zuverl\u00e4ssig und haltbar. Durch seine \u00fcbersichtlich gestaltete und somit einfach zu bedienende&hellip; <br \/> <a class=\"read-more\" href=\"https:\/\/personalcity.net\/home\/produkt\/synchroblitz-synchronblitzlampe-dynasun-2x-wf4001-45ws-studioblitz-studioleuchte-mit-fotozelle-sync\/\">Weiterlesen<\/a><\/p>\n","protected":false},"featured_media":5200,"comment_status":"open","ping_status":"closed","template":"","meta":[],"product_cat":[218],"product_tag":[],"class_list":{"0":"post-5199","1":"product","2":"type-product","3":"status-publish","4":"has-post-thumbnail","6":"product_cat-elektronik","8":"first","9":"outofstock","10":"shipping-taxable","11":"purchasable","12":"product-type-simple"},"_links":{"self":[{"href":"https:\/\/personalcity.net\/home\/wp-json\/wp\/v2\/product\/5199","targetHints":{"allow":["GET"]}}],"collection":[{"href":"https:\/\/personalcity.net\/home\/wp-json\/wp\/v2\/product"}],"about":[{"href":"https:\/\/personalcity.net\/home\/wp-json\/wp\/v2\/types\/product"}],"replies":[{"embeddable":true,"href":"https:\/\/personalcity.net\/home\/wp-json\/wp\/v2\/comments?post=5199"}],"wp:featuredmedia":[{"embeddable":true,"href":"https:\/\/personalcity.net\/home\/wp-json\/wp\/v2\/media\/5200"}],"wp:attachment":[{"href":"https:\/\/personalcity.net\/home\/wp-json\/wp\/v2\/media?parent=5199"}],"wp:term":[{"taxonomy":"product_cat","embeddable":true,"href":"https:\/\/personalcity.net\/home\/wp-json\/wp\/v2\/product_cat?post=5199"},{"taxonomy":"product_tag","embeddable":true,"href":"https:\/\/personalcity.net\/home\/wp-json\/wp\/v2\/product_tag?post=5199"}],"curies":[{"name":"wp","href":"https:\/\/api.w.org\/{rel}","templated":true}]}}