{"id":5229,"date":"2024-05-24T11:17:08","date_gmt":"2024-05-24T09:17:08","guid":{"rendered":"http:\/\/personalcity.net\/home\/produkt\/studioblitz-dynasun-km-250w-studioset-fotostudio-studioleuchte-studioblitzleuchte-stufenlos-luefter\/"},"modified":"2025-04-28T15:42:08","modified_gmt":"2025-04-28T13:42:08","slug":"studioblitz-dynasun-km-250w-studioset-fotostudio-studioleuchte-studioblitzleuchte-stufenlos-luefter","status":"publish","type":"product","link":"https:\/\/personalcity.net\/home\/produkt\/studioblitz-dynasun-km-250w-studioset-fotostudio-studioleuchte-studioblitzleuchte-stufenlos-luefter\/","title":{"rendered":"Studioblitz DynaSun KM 250W Studioset Fotostudio Studioleuchte Studioblitzleuchte stufenlos, L\u00fcfter"},"content":{"rendered":"<p>STUDIOBLITZ STUDIOBLITZLEUCHTE DYNASUN PRO KM250 250W STUDIOFLASH Eingebauter K\u00fchlventilator, Schnelle Wiederaufladezeit Beschreibung Die DynaSun KM250 250W Studiolampe ist f\u00fcr Profis, wie auch Anf\u00e4nger konstruiert. Das robuste Geh\u00e4use und die ausgereifte Elektronik erlauben Ihnen ein dauerhaftes Arbeiten auch unter h\u00e4rtesten Bedingungen. Blitzleistung lass sich stufenlos einstellen. Zu den wichtigsten Vorteilen der Lampe geh\u00f6rt eine kurze Aufladeziet, stabile Blitztemperatur (5600K) und eine breite Palette von Zubeh\u00f6r zur Lichtmodellierung. Die Blitzausl\u00f6sung kann \u00fcber ein Synchrokabel oder \u00fcber die eingebaute Fotozelle (inkl. Vorblitzerkennungsmodi) erfolgen. Ein eingebauter Ventilator verhindert die \u00dcberhitzung. Technische Daten * Blitzleistung: 250Ws * Eingebauter K\u00fchlventilator * Leitzahl GN32 * Leistung voll bis 1\/16 stufenlos * Akkustisches Signal (Buzz) * Schnelle Wiederaufladezeit * Ausl\u00f6seart Fotozelle, Synchrokabel, Testknopf * Farbtemperatur 5600K\u00b1200\u00b0 * Einstelllicht: Quarzhalogene E27 * Speedring type : S-Type Bayonet fitting (3 7\/8&#8243; Bowens type) * Bereitschaftsinfo * Synchroslotspannung: 6V DC * Stromversorgung: 200~240V 50\/60 Hz Lieferumfang * Flash DynaSun KM250 250W * Blitzr\u00f6hre 250W * Einstelllicht 150W * 7&#8243; reflector S-Type Bayonet fitting * Netzkabel * Synchrokabel<\/p>\n","protected":false},"excerpt":{"rendered":"<p>STUDIOBLITZ STUDIOBLITZLEUCHTE DYNASUN PRO KM250 250W STUDIOFLASH Eingebauter K\u00fchlventilator, Schnelle Wiederaufladezeit Beschreibung Die DynaSun KM250 250W Studiolampe ist f\u00fcr Profis, wie auch Anf\u00e4nger konstruiert. Das robuste Geh\u00e4use und die ausgereifte Elektronik erlauben Ihnen ein dauerhaftes Arbeiten auch unter h\u00e4rtesten Bedingungen. Blitzleistung lass sich stufenlos einstellen. Zu den wichtigsten Vorteilen der Lampe geh\u00f6rt eine kurze Aufladeziet,&hellip; <br \/> <a class=\"read-more\" href=\"https:\/\/personalcity.net\/home\/produkt\/studioblitz-dynasun-km-250w-studioset-fotostudio-studioleuchte-studioblitzleuchte-stufenlos-luefter\/\">Weiterlesen<\/a><\/p>\n","protected":false},"featured_media":5230,"comment_status":"open","ping_status":"closed","template":"","meta":[],"product_cat":[218],"product_tag":[],"class_list":{"0":"post-5229","1":"product","2":"type-product","3":"status-publish","4":"has-post-thumbnail","6":"product_cat-elektronik","8":"first","9":"outofstock","10":"shipping-taxable","11":"purchasable","12":"product-type-simple"},"_links":{"self":[{"href":"https:\/\/personalcity.net\/home\/wp-json\/wp\/v2\/product\/5229","targetHints":{"allow":["GET"]}}],"collection":[{"href":"https:\/\/personalcity.net\/home\/wp-json\/wp\/v2\/product"}],"about":[{"href":"https:\/\/personalcity.net\/home\/wp-json\/wp\/v2\/types\/product"}],"replies":[{"embeddable":true,"href":"https:\/\/personalcity.net\/home\/wp-json\/wp\/v2\/comments?post=5229"}],"wp:featuredmedia":[{"embeddable":true,"href":"https:\/\/personalcity.net\/home\/wp-json\/wp\/v2\/media\/5230"}],"wp:attachment":[{"href":"https:\/\/personalcity.net\/home\/wp-json\/wp\/v2\/media?parent=5229"}],"wp:term":[{"taxonomy":"product_cat","embeddable":true,"href":"https:\/\/personalcity.net\/home\/wp-json\/wp\/v2\/product_cat?post=5229"},{"taxonomy":"product_tag","embeddable":true,"href":"https:\/\/personalcity.net\/home\/wp-json\/wp\/v2\/product_tag?post=5229"}],"curies":[{"name":"wp","href":"https:\/\/api.w.org\/{rel}","templated":true}]}}