{"id":5247,"date":"2024-05-24T11:17:13","date_gmt":"2024-05-24T09:17:13","guid":{"rendered":"http:\/\/personalcity.net\/home\/produkt\/studio-quarzlight-videoleuchte-videolicht-pro-dynasun-st1000-1000w-quartz-quarz-stufenlos-regelbar\/"},"modified":"2025-04-28T15:41:10","modified_gmt":"2025-04-28T13:41:10","slug":"studio-quarzlight-videoleuchte-videolicht-pro-dynasun-st1000-1000w-quartz-quarz-stufenlos-regelbar","status":"publish","type":"product","link":"https:\/\/personalcity.net\/home\/produkt\/studio-quarzlight-videoleuchte-videolicht-pro-dynasun-st1000-1000w-quartz-quarz-stufenlos-regelbar\/","title":{"rendered":"Studio Quarzlight Videoleuchte Videolicht Pro DynaSun ST1000 1000W Quartz Quarz stufenlos regelbar"},"content":{"rendered":"<p>PROFI STUDIO DIGITAL QUARZLIGHT DYNASUN ST1000 QUARZ 1000W LICHT QUARZ HALOGEN STUFENLOS Beschreibung Das DynaSun ST1000 ist f\u00fcr den Video- und Fotobereich gleicherma\u00dfen geeignet. Die Lichtst\u00e4rke l\u00e4\u00dft sich problemlos einstellen. Das sehr robuste Metallgeh\u00e4use ist sauber verarbeitet und qualitativ hochwertig ausgef\u00fchrt. Der ergonomisch geformte Griff an der R\u00fcckseite der Studioleuchte bietet sicheres und einfaches Handling. F\u00fcr optimale Lichtausbeute sorgt neben der lichtstarken 1000 Watt Halogenlampe der im Lieferumfang enthaltene Metallreflektor mit seiner hochwertigen Innenbeschichtung. Der Metallreflektor mit Bowens-Anschluss kann einfach \u00fcber den seitlich angebrachten Entriegelungsmechanismus abmontiert werden. Die integrierte Reflexschirm-Aufnahme erm\u00f6glicht den Einsatz von Studioschirmen zur indirekten Beleuchtung. Lieferumfang * Studioleuchte DynaSun ST1000 * Metallreflektor * Leuchtmittel 1000 Watt * Netzkabel<\/p>\n","protected":false},"excerpt":{"rendered":"<p>PROFI STUDIO DIGITAL QUARZLIGHT DYNASUN ST1000 QUARZ 1000W LICHT QUARZ HALOGEN STUFENLOS Beschreibung Das DynaSun ST1000 ist f\u00fcr den Video- und Fotobereich gleicherma\u00dfen geeignet. Die Lichtst\u00e4rke l\u00e4\u00dft sich problemlos einstellen. Das sehr robuste Metallgeh\u00e4use ist sauber verarbeitet und qualitativ hochwertig ausgef\u00fchrt. Der ergonomisch geformte Griff an der R\u00fcckseite der Studioleuchte bietet sicheres und einfaches Handling.&hellip; <br \/> <a class=\"read-more\" href=\"https:\/\/personalcity.net\/home\/produkt\/studio-quarzlight-videoleuchte-videolicht-pro-dynasun-st1000-1000w-quartz-quarz-stufenlos-regelbar\/\">Weiterlesen<\/a><\/p>\n","protected":false},"featured_media":5248,"comment_status":"open","ping_status":"closed","template":"","meta":[],"product_cat":[218],"product_tag":[],"class_list":{"0":"post-5247","1":"product","2":"type-product","3":"status-publish","4":"has-post-thumbnail","6":"product_cat-elektronik","8":"first","9":"outofstock","10":"shipping-taxable","11":"purchasable","12":"product-type-simple"},"_links":{"self":[{"href":"https:\/\/personalcity.net\/home\/wp-json\/wp\/v2\/product\/5247","targetHints":{"allow":["GET"]}}],"collection":[{"href":"https:\/\/personalcity.net\/home\/wp-json\/wp\/v2\/product"}],"about":[{"href":"https:\/\/personalcity.net\/home\/wp-json\/wp\/v2\/types\/product"}],"replies":[{"embeddable":true,"href":"https:\/\/personalcity.net\/home\/wp-json\/wp\/v2\/comments?post=5247"}],"wp:featuredmedia":[{"embeddable":true,"href":"https:\/\/personalcity.net\/home\/wp-json\/wp\/v2\/media\/5248"}],"wp:attachment":[{"href":"https:\/\/personalcity.net\/home\/wp-json\/wp\/v2\/media?parent=5247"}],"wp:term":[{"taxonomy":"product_cat","embeddable":true,"href":"https:\/\/personalcity.net\/home\/wp-json\/wp\/v2\/product_cat?post=5247"},{"taxonomy":"product_tag","embeddable":true,"href":"https:\/\/personalcity.net\/home\/wp-json\/wp\/v2\/product_tag?post=5247"}],"curies":[{"name":"wp","href":"https:\/\/api.w.org\/{rel}","templated":true}]}}