{"id":5267,"date":"2024-05-24T11:17:25","date_gmt":"2024-05-24T09:17:25","guid":{"rendered":"http:\/\/personalcity.net\/home\/produkt\/fernbedienung-dynasun-rc-ld-fuer-studioblitz-studioleuchte-serie-ldrc\/"},"modified":"2025-04-28T15:41:10","modified_gmt":"2025-04-28T13:41:10","slug":"fernbedienung-dynasun-rc-ld-fuer-studioblitz-studioleuchte-serie-ldrc","status":"publish","type":"product","link":"https:\/\/personalcity.net\/home\/produkt\/fernbedienung-dynasun-rc-ld-fuer-studioblitz-studioleuchte-serie-ldrc\/","title":{"rendered":"Fernbedienung DynaSun RC-LD f\u00fcr Studioblitz Studioleuchte Serie LDRC"},"content":{"rendered":"<p>DynaSun RC-LD PRO Funk-Fernbedienung f\u00fcr Digital Studioblitz Blitzkopf LD400RC LD600RC LD1000RC Beschreibung Diese absolute Neuheit wird Ihre fotografische Arbeit grundlegend ver\u00e4ndern. Sie k\u00f6nnen nun h\u00f6chst professionell Ihre serie LD RC Kompaktblitzk\u00f6pfe mit dieser Fernsteuerung steuern und so zum Beispiel die Blitzst\u00e4rke, das Einstelllicht und vieles mehr regeln, was bisher sonst nur direkt am Blitz m\u00f6glich war. Sie k\u00f6nnen Ihre Blitze nun an schwierig zu erreichenden Orten positionieren, ohne jedes mal auf eine Leiter etc. klettern zu m\u00fcssen. Dies erm\u00f6glicht Ihnen ein komfortables, flexibles und effizienteres Arbeiten am Set. Technische Daten * Verwendung mit DynaSun LD400RC, LD600RC, LD1000RC Studioblitzen * Einfache Handhabung * Geringes Gewicht Lieferumfang * Fernsteuerung DynaSun RC-LD<\/p>\n","protected":false},"excerpt":{"rendered":"<p>DynaSun RC-LD PRO Funk-Fernbedienung f\u00fcr Digital Studioblitz Blitzkopf LD400RC LD600RC LD1000RC Beschreibung Diese absolute Neuheit wird Ihre fotografische Arbeit grundlegend ver\u00e4ndern. Sie k\u00f6nnen nun h\u00f6chst professionell Ihre serie LD RC Kompaktblitzk\u00f6pfe mit dieser Fernsteuerung steuern und so zum Beispiel die Blitzst\u00e4rke, das Einstelllicht und vieles mehr regeln, was bisher sonst nur direkt am Blitz m\u00f6glich&hellip; <br \/> <a class=\"read-more\" href=\"https:\/\/personalcity.net\/home\/produkt\/fernbedienung-dynasun-rc-ld-fuer-studioblitz-studioleuchte-serie-ldrc\/\">Weiterlesen<\/a><\/p>\n","protected":false},"featured_media":5268,"comment_status":"open","ping_status":"closed","template":"","meta":[],"product_cat":[218],"product_tag":[],"class_list":{"0":"post-5267","1":"product","2":"type-product","3":"status-publish","4":"has-post-thumbnail","6":"product_cat-elektronik","8":"first","9":"outofstock","10":"shipping-taxable","11":"purchasable","12":"product-type-simple"},"_links":{"self":[{"href":"https:\/\/personalcity.net\/home\/wp-json\/wp\/v2\/product\/5267","targetHints":{"allow":["GET"]}}],"collection":[{"href":"https:\/\/personalcity.net\/home\/wp-json\/wp\/v2\/product"}],"about":[{"href":"https:\/\/personalcity.net\/home\/wp-json\/wp\/v2\/types\/product"}],"replies":[{"embeddable":true,"href":"https:\/\/personalcity.net\/home\/wp-json\/wp\/v2\/comments?post=5267"}],"wp:featuredmedia":[{"embeddable":true,"href":"https:\/\/personalcity.net\/home\/wp-json\/wp\/v2\/media\/5268"}],"wp:attachment":[{"href":"https:\/\/personalcity.net\/home\/wp-json\/wp\/v2\/media?parent=5267"}],"wp:term":[{"taxonomy":"product_cat","embeddable":true,"href":"https:\/\/personalcity.net\/home\/wp-json\/wp\/v2\/product_cat?post=5267"},{"taxonomy":"product_tag","embeddable":true,"href":"https:\/\/personalcity.net\/home\/wp-json\/wp\/v2\/product_tag?post=5267"}],"curies":[{"name":"wp","href":"https:\/\/api.w.org\/{rel}","templated":true}]}}