{"id":5269,"date":"2024-05-24T11:17:25","date_gmt":"2024-05-24T09:17:25","guid":{"rendered":"http:\/\/personalcity.net\/home\/produkt\/studioblitz-studioset-dynasun-ld-1000w-digital-display-studioleuchte-fernbedienung-stativ-w807\/"},"modified":"2025-04-28T15:41:10","modified_gmt":"2025-04-28T13:41:10","slug":"studioblitz-studioset-dynasun-ld-1000w-digital-display-studioleuchte-fernbedienung-stativ-w807","status":"publish","type":"product","link":"https:\/\/personalcity.net\/home\/produkt\/studioblitz-studioset-dynasun-ld-1000w-digital-display-studioleuchte-fernbedienung-stativ-w807\/","title":{"rendered":"Studioblitz Studioset DynaSun LD 1000W Digital Display Studioleuchte + Fernbedienung + Stativ W807"},"content":{"rendered":"<p>PROFESSIONAL STUDIO FLASH DYNASUN DIGITAL LD1000RC MIT FERNBEDIENUNG UND STATIV PHOTO STROBE LIGHT LCD Screen, Digital Control, Internal cooling fan, Reflector, Speedring 3 7\/8&#8243; Bowens type Beschreibung LD1000RC DynaSun Digital LD1000RC Blitzlicht ist speziell f\u00fcr die Photographen konstruiert, die nach einem hochwertigen Studioequipment suchen, aber nur f\u00fcr einen moderaten Preis. Das Produkt ist gebaut aus qualitativen Komponenten und Teilen, optimal f\u00fcr Ihre Shooting. DynaSun Blitzlicht verspricht gute Qualit\u00e4t, Stabilit\u00e4t und Zuverl\u00e4ssigkeit f\u00fcr alle Arten von Foto Shooting. Dieses Kit ist \u00fcberall einsetzbar. Sie werden begeistert sein. DynaSun Digital LD1000 hat ein sch\u00f6nes Design und ist \u00e4u\u00dferst kompakt. Der K\u00f6rper ist aus Aluminium und arbeitet perfekt, auch in schwieriger Situation. Der ganze Blitz hat eine eingebaute Sicherung, um eine stabile Stromversorgung zu stellen. Eine LCD Display am hinteren Teil erlaubt jedem Photograph, den Vorgang zu speichern und feine Einstellung vorzunehmen. Unsere hochwertige Lampe hilft jedem Photograph, die Beleuchtung beim Shooting zu optimieren, wenn Schatten am Objekt erkennbar ist. Lieferumfang * DynaSun Digital flash LD1000RC * 1000W Flash tube * 150w Halogen Modeling lamp * 1x Fernbedienung (Remote Controller) RC-LD * 7&#8243; reflector S-Type Bayonet fitting * Stromkabel * Sync-Kabel * Lampenstativ DynaSun W807 * Rei\u00dfverschlu\u00dfstofftasche f\u00fcr Stativ<\/p>\n","protected":false},"excerpt":{"rendered":"<p>PROFESSIONAL STUDIO FLASH DYNASUN DIGITAL LD1000RC MIT FERNBEDIENUNG UND STATIV PHOTO STROBE LIGHT LCD Screen, Digital Control, Internal cooling fan, Reflector, Speedring 3 7\/8&#8243; Bowens type Beschreibung LD1000RC DynaSun Digital LD1000RC Blitzlicht ist speziell f\u00fcr die Photographen konstruiert, die nach einem hochwertigen Studioequipment suchen, aber nur f\u00fcr einen moderaten Preis. Das Produkt ist gebaut aus&hellip; <br \/> <a class=\"read-more\" href=\"https:\/\/personalcity.net\/home\/produkt\/studioblitz-studioset-dynasun-ld-1000w-digital-display-studioleuchte-fernbedienung-stativ-w807\/\">Weiterlesen<\/a><\/p>\n","protected":false},"featured_media":5270,"comment_status":"open","ping_status":"closed","template":"","meta":[],"product_cat":[218],"product_tag":[],"class_list":{"0":"post-5269","1":"product","2":"type-product","3":"status-publish","4":"has-post-thumbnail","6":"product_cat-elektronik","8":"first","9":"outofstock","10":"shipping-taxable","11":"purchasable","12":"product-type-simple"},"_links":{"self":[{"href":"https:\/\/personalcity.net\/home\/wp-json\/wp\/v2\/product\/5269","targetHints":{"allow":["GET"]}}],"collection":[{"href":"https:\/\/personalcity.net\/home\/wp-json\/wp\/v2\/product"}],"about":[{"href":"https:\/\/personalcity.net\/home\/wp-json\/wp\/v2\/types\/product"}],"replies":[{"embeddable":true,"href":"https:\/\/personalcity.net\/home\/wp-json\/wp\/v2\/comments?post=5269"}],"wp:featuredmedia":[{"embeddable":true,"href":"https:\/\/personalcity.net\/home\/wp-json\/wp\/v2\/media\/5270"}],"wp:attachment":[{"href":"https:\/\/personalcity.net\/home\/wp-json\/wp\/v2\/media?parent=5269"}],"wp:term":[{"taxonomy":"product_cat","embeddable":true,"href":"https:\/\/personalcity.net\/home\/wp-json\/wp\/v2\/product_cat?post=5269"},{"taxonomy":"product_tag","embeddable":true,"href":"https:\/\/personalcity.net\/home\/wp-json\/wp\/v2\/product_tag?post=5269"}],"curies":[{"name":"wp","href":"https:\/\/api.w.org\/{rel}","templated":true}]}}