{"id":5295,"date":"2024-05-24T11:17:42","date_gmt":"2024-05-24T09:17:42","guid":{"rendered":"http:\/\/personalcity.net\/home\/produkt\/blitzgeraet-aufsteckblitz-blitz-dynasun-cy20-systemblitz-blitzlicht\/"},"modified":"2025-04-28T15:34:15","modified_gmt":"2025-04-28T13:34:15","slug":"blitzgeraet-aufsteckblitz-blitz-dynasun-cy20-systemblitz-blitzlicht","status":"publish","type":"product","link":"https:\/\/personalcity.net\/home\/produkt\/blitzgeraet-aufsteckblitz-blitz-dynasun-cy20-systemblitz-blitzlicht\/","title":{"rendered":"Blitzger\u00e4t Aufsteckblitz Blitz DynaSun CY20 Systemblitz Blitzlicht"},"content":{"rendered":"<p>UNIVERSAL FLASH BLITZAUSL\u00d6SER f\u00fcr STUDIOBLITZE Model: CY20 Beschreibung Ein Aufsteckblitz ist die richtige Wahl, wenn das Umgebungslicht nicht ausreichend und der interne Blitz der Kamera zu schwach sind. Dieser kompakte Blitz eignet sich hervorragend f\u00fcr den ambitionierten Fotografen, der mit seiner Kamera im manuellen Modus arbeitet. Dieses Blitzger\u00e4t ist mit seiner kompakten und leichten Bauweise der perfekte Begleiter Ihre Kamera. Dieses Ger\u00e4t liefert mit seiner Leitzahl 20 schon eine erhebliche Erweiterung der Blitzreichweite und wird besonders gerne bei Kompaktkameras eingesetzt. Dieses Blitzger\u00e4t bietet mit seinem schwenkbaren Kopf die M\u00f6glichkeit des indirekten Blitzens. Durch Blitz-Steuerung eignet es sich f\u00fcr Einsteiger genauso wie f\u00fcr Hobbyfotografen und Profis die ein handliches Blitzger\u00e4t mit neigbarem Reflektor auch f\u00fcr indirektes Blitzen suchen.<\/p>\n","protected":false},"excerpt":{"rendered":"<p>UNIVERSAL FLASH BLITZAUSL\u00d6SER f\u00fcr STUDIOBLITZE Model: CY20 Beschreibung Ein Aufsteckblitz ist die richtige Wahl, wenn das Umgebungslicht nicht ausreichend und der interne Blitz der Kamera zu schwach sind. Dieser kompakte Blitz eignet sich hervorragend f\u00fcr den ambitionierten Fotografen, der mit seiner Kamera im manuellen Modus arbeitet. Dieses Blitzger\u00e4t ist mit seiner kompakten und leichten Bauweise&hellip; <br \/> <a class=\"read-more\" href=\"https:\/\/personalcity.net\/home\/produkt\/blitzgeraet-aufsteckblitz-blitz-dynasun-cy20-systemblitz-blitzlicht\/\">Weiterlesen<\/a><\/p>\n","protected":false},"featured_media":5296,"comment_status":"open","ping_status":"closed","template":"","meta":[],"product_cat":[218],"product_tag":[],"class_list":{"0":"post-5295","1":"product","2":"type-product","3":"status-publish","4":"has-post-thumbnail","6":"product_cat-elektronik","8":"first","9":"outofstock","10":"shipping-taxable","11":"purchasable","12":"product-type-simple"},"_links":{"self":[{"href":"https:\/\/personalcity.net\/home\/wp-json\/wp\/v2\/product\/5295","targetHints":{"allow":["GET"]}}],"collection":[{"href":"https:\/\/personalcity.net\/home\/wp-json\/wp\/v2\/product"}],"about":[{"href":"https:\/\/personalcity.net\/home\/wp-json\/wp\/v2\/types\/product"}],"replies":[{"embeddable":true,"href":"https:\/\/personalcity.net\/home\/wp-json\/wp\/v2\/comments?post=5295"}],"wp:featuredmedia":[{"embeddable":true,"href":"https:\/\/personalcity.net\/home\/wp-json\/wp\/v2\/media\/5296"}],"wp:attachment":[{"href":"https:\/\/personalcity.net\/home\/wp-json\/wp\/v2\/media?parent=5295"}],"wp:term":[{"taxonomy":"product_cat","embeddable":true,"href":"https:\/\/personalcity.net\/home\/wp-json\/wp\/v2\/product_cat?post=5295"},{"taxonomy":"product_tag","embeddable":true,"href":"https:\/\/personalcity.net\/home\/wp-json\/wp\/v2\/product_tag?post=5295"}],"curies":[{"name":"wp","href":"https:\/\/api.w.org\/{rel}","templated":true}]}}