{"id":5299,"date":"2024-05-24T11:17:42","date_gmt":"2024-05-24T09:17:42","guid":{"rendered":"http:\/\/personalcity.net\/home\/produkt\/studioblitz-dynasun-cy100-studioset-fotostudio-studioleuchte-studioblitzleuchte-stufenlos-luefter\/"},"modified":"2025-04-28T15:34:15","modified_gmt":"2025-04-28T13:34:15","slug":"studioblitz-dynasun-cy100-studioset-fotostudio-studioleuchte-studioblitzleuchte-stufenlos-luefter","status":"publish","type":"product","link":"https:\/\/personalcity.net\/home\/produkt\/studioblitz-dynasun-cy100-studioset-fotostudio-studioleuchte-studioblitzleuchte-stufenlos-luefter\/","title":{"rendered":"Studioblitz DynaSun CY100 Studioset Fotostudio Studioleuchte Studioblitzleuchte stufenlos, L\u00fcfter"},"content":{"rendered":"<p>Studioblitz DynaSun CY100 Studioset Fotostudio Studioleuchte stufenlos, L\u00fcfter STUDIO SET FOTO VIDEO LICHT STAND DYNASUN KIT CY100KIT mit LICHTSTATIV WT803 REFLEKTOR-SCHIRM STROBE SYNC FLASH SYNC KABEL TRAGTASCHE OUTPUT POWER: 100WS Beschreibung Die neue DynaSun CY100 Blitzger\u00e4te sind f\u00fcr den anspruchsvollen Amateur\/Profi Einsatz entwickelt worden. Die Ausstattung ist einzigartig f\u00fcr Kompaktblitzger\u00e4te dieser Preis- und Leistungsklasse. Stabilisierte Blitzleistung mit Leistungssteuerung. DynaSun bietet eine komplette Ausstattung bei einfacher Handhabung &#8211; genau das Werkzeug, das eine Fotoausr\u00fcstung erst wirklich komplett macht! Viel Freude erleben Sie beim Fotografieren mit der neuen Studioblitzanlage DynaSun CY100. Denn viel Technik steckt in diesen \u00e4u\u00dferst kleinen und handlichen Ger\u00e4ten. Und sie lassen sich so einfach bedienen. Als Erg\u00e4nzungs-Lichtquelle f\u00fcr spezielle Effektbeleuchtung ist der CY100 ebenfalls bestens geeignet. Bei Portrait- und Sachaufnahmen, bei Tabletop und Makro. Das Zusatzlicht f\u00fcr optimale Bildgestaltung. Die Blitzenergie kommt aus einer ringf\u00f6rmigen Blitzr\u00f6hre. Die Leistung ist von Voll bis 1\/8 stufenlos regelbar. Zur Beurteilung der Ausleuchtung vor der Aufnahme dient das Einstelllicht Die Blitzausl\u00f6sung erfolgt \u00fcber das mitgelieferte Synchronkabel oder einen auf dem Mittenkontakt-Blitzschuh geschobenen IR-Ausl\u00f6ser bzw. Funkausl\u00f6ser. Wenn Sie dieses Set mit mitgelieferter Softbox Schirm nutzen, wird ein gleichm\u00e4\u00dfiges Licht erzeugt, nie mehr mit st\u00f6rendem Schatten. Es ist ideal f\u00fcr Ihr Studio oder ausw\u00e4rtige Shooting Termine. Lieferumfang &#8211; Studioblitz Flash DynaSun CY100 &#8211; Lampenstativ DynaSun W803 &#8211; Studio Schirm DynaSun UR02 Weiss 33&#8243; &#8211; Tragtasche f\u00fcr den Stativ &#8211; Sync-Kabel<\/p>\n","protected":false},"excerpt":{"rendered":"<p>Studioblitz DynaSun CY100 Studioset Fotostudio Studioleuchte stufenlos, L\u00fcfter STUDIO SET FOTO VIDEO LICHT STAND DYNASUN KIT CY100KIT mit LICHTSTATIV WT803 REFLEKTOR-SCHIRM STROBE SYNC FLASH SYNC KABEL TRAGTASCHE OUTPUT POWER: 100WS Beschreibung Die neue DynaSun CY100 Blitzger\u00e4te sind f\u00fcr den anspruchsvollen Amateur\/Profi Einsatz entwickelt worden. Die Ausstattung ist einzigartig f\u00fcr Kompaktblitzger\u00e4te dieser Preis- und Leistungsklasse. Stabilisierte&hellip; <br \/> <a class=\"read-more\" href=\"https:\/\/personalcity.net\/home\/produkt\/studioblitz-dynasun-cy100-studioset-fotostudio-studioleuchte-studioblitzleuchte-stufenlos-luefter\/\">Weiterlesen<\/a><\/p>\n","protected":false},"featured_media":5300,"comment_status":"open","ping_status":"closed","template":"","meta":[],"product_cat":[218],"product_tag":[],"class_list":{"0":"post-5299","1":"product","2":"type-product","3":"status-publish","4":"has-post-thumbnail","6":"product_cat-elektronik","8":"first","9":"outofstock","10":"shipping-taxable","11":"purchasable","12":"product-type-simple"},"_links":{"self":[{"href":"https:\/\/personalcity.net\/home\/wp-json\/wp\/v2\/product\/5299","targetHints":{"allow":["GET"]}}],"collection":[{"href":"https:\/\/personalcity.net\/home\/wp-json\/wp\/v2\/product"}],"about":[{"href":"https:\/\/personalcity.net\/home\/wp-json\/wp\/v2\/types\/product"}],"replies":[{"embeddable":true,"href":"https:\/\/personalcity.net\/home\/wp-json\/wp\/v2\/comments?post=5299"}],"wp:featuredmedia":[{"embeddable":true,"href":"https:\/\/personalcity.net\/home\/wp-json\/wp\/v2\/media\/5300"}],"wp:attachment":[{"href":"https:\/\/personalcity.net\/home\/wp-json\/wp\/v2\/media?parent=5299"}],"wp:term":[{"taxonomy":"product_cat","embeddable":true,"href":"https:\/\/personalcity.net\/home\/wp-json\/wp\/v2\/product_cat?post=5299"},{"taxonomy":"product_tag","embeddable":true,"href":"https:\/\/personalcity.net\/home\/wp-json\/wp\/v2\/product_tag?post=5299"}],"curies":[{"name":"wp","href":"https:\/\/api.w.org\/{rel}","templated":true}]}}