{"id":5303,"date":"2024-05-24T11:17:43","date_gmt":"2024-05-24T09:17:43","guid":{"rendered":"http:\/\/personalcity.net\/home\/produkt\/studioblitz-digital-dynasun-td-600w-studioleuchte-studioblitzleuchte-mit-display-stufenlos-luefter\/"},"modified":"2025-04-28T15:34:15","modified_gmt":"2025-04-28T13:34:15","slug":"studioblitz-digital-dynasun-td-600w-studioleuchte-studioblitzleuchte-mit-display-stufenlos-luefter","status":"publish","type":"product","link":"https:\/\/personalcity.net\/home\/produkt\/studioblitz-digital-dynasun-td-600w-studioleuchte-studioblitzleuchte-mit-display-stufenlos-luefter\/","title":{"rendered":"Studioblitz Digital DynaSun TD 600W Studioleuchte Studioblitzleuchte mit Display stufenlos, L\u00fcfter"},"content":{"rendered":"<p>PROFI STUDIO FLASH DYNASUN DIGITAL T600D PHOTO STROBE LICHT LCD Screen, Digitale Bedienung, Intergrierte K\u00fchlung, Reflektor, Speedring 3 7\/8&#8243;; Bowens type Beschreibung DynaSun Digital T600D ist speziell f\u00fcr die Photographen konstruiert, die nach einem hochwertigen Studioequipment suchen, aber nur f\u00fcr einen moderaten Preis. Das Produkt ist gebaut aus qualitativen Komponenten und Teilen, optimal f\u00fcr Ihre Shooting. DynaSun Blitzlicht verspricht gute Qualit\u00e4t, Stabilit\u00e4t und Zuverl\u00e4ssigkeit f\u00fcr alle Arten von Fotoshooting. Dieses Kit ist \u00fcberall einsetzbar und Sie werden begeistert sein. DynaSun Digital T600D hat ein sch\u00f6nes Design und ist \u00e4u\u00dferst kompakt. Der K\u00f6rper ist aus Aluminium und arbeitet perfekt, auch in schwieriger Situation. Der ganze Blitz hat eine eingebaute Sicherung, um eine stabile Stromversorgung zu stellen. Eine LCD Display am hinteren Teil erlaubt jedem Photograph, den Vorgang zu speichern und feine Einstellung vorzunehmen. Unsere hochwertige Lampe hilft jedem Photograph, die Beleuchtung beim Shooting zu optimieren, wenn Schatten am Objekt erkennbar ist. Unser Produkt kann sowohl als Slave durch Anleuchten eines anderen Flash ausgel\u00f6st werden, als auch \u00fcber einem Sync Kabel eingeschaltet werden. TDiese Blitzlampe ist besonders geeignet f\u00fcr Background-, Fill-, oder Highlighting-belechtung. Es ist einfach damit breites Licht zu erzeugen. Eine Modeling Lampe und Slave Trigger ist eingebaut. Die Lampe ist auch geeignet f\u00fcr Standardschirm und Lichtstand. Unser Licht wird Ihren Fotos scharfe Linie verleihen. Lieferumfang &#8211; DynaSun Digital flash T600D &#8211; 600W Flash tube &#8211; 150w Halogen Modeling lamp &#8211; 7&#8243; reflector S-Type Bayonet fitting &#8211; Stromkabel &#8211; Sync-Kabel<\/p>\n","protected":false},"excerpt":{"rendered":"<p>PROFI STUDIO FLASH DYNASUN DIGITAL T600D PHOTO STROBE LICHT LCD Screen, Digitale Bedienung, Intergrierte K\u00fchlung, Reflektor, Speedring 3 7\/8&#8243;; Bowens type Beschreibung DynaSun Digital T600D ist speziell f\u00fcr die Photographen konstruiert, die nach einem hochwertigen Studioequipment suchen, aber nur f\u00fcr einen moderaten Preis. Das Produkt ist gebaut aus qualitativen Komponenten und Teilen, optimal f\u00fcr Ihre&hellip; <br \/> <a class=\"read-more\" href=\"https:\/\/personalcity.net\/home\/produkt\/studioblitz-digital-dynasun-td-600w-studioleuchte-studioblitzleuchte-mit-display-stufenlos-luefter\/\">Weiterlesen<\/a><\/p>\n","protected":false},"featured_media":5304,"comment_status":"open","ping_status":"closed","template":"","meta":[],"product_cat":[218],"product_tag":[],"class_list":{"0":"post-5303","1":"product","2":"type-product","3":"status-publish","4":"has-post-thumbnail","6":"product_cat-elektronik","8":"first","9":"outofstock","10":"shipping-taxable","11":"purchasable","12":"product-type-simple"},"_links":{"self":[{"href":"https:\/\/personalcity.net\/home\/wp-json\/wp\/v2\/product\/5303","targetHints":{"allow":["GET"]}}],"collection":[{"href":"https:\/\/personalcity.net\/home\/wp-json\/wp\/v2\/product"}],"about":[{"href":"https:\/\/personalcity.net\/home\/wp-json\/wp\/v2\/types\/product"}],"replies":[{"embeddable":true,"href":"https:\/\/personalcity.net\/home\/wp-json\/wp\/v2\/comments?post=5303"}],"wp:featuredmedia":[{"embeddable":true,"href":"https:\/\/personalcity.net\/home\/wp-json\/wp\/v2\/media\/5304"}],"wp:attachment":[{"href":"https:\/\/personalcity.net\/home\/wp-json\/wp\/v2\/media?parent=5303"}],"wp:term":[{"taxonomy":"product_cat","embeddable":true,"href":"https:\/\/personalcity.net\/home\/wp-json\/wp\/v2\/product_cat?post=5303"},{"taxonomy":"product_tag","embeddable":true,"href":"https:\/\/personalcity.net\/home\/wp-json\/wp\/v2\/product_tag?post=5303"}],"curies":[{"name":"wp","href":"https:\/\/api.w.org\/{rel}","templated":true}]}}